{"id":5419,"date":"2020-11-13T16:50:19","date_gmt":"2020-11-13T15:50:19","guid":{"rendered":"https:\/\/nixiforchildren.com\/es\/?page_id=5419"},"modified":"2020-11-19T18:25:08","modified_gmt":"2020-11-19T17:25:08","slug":"anabeljimenez","status":"publish","type":"page","link":"https:\/\/nixiforchildren.com\/nl\/anabeljimenez\/","title":{"rendered":"Plataforma &#8211; Perfil Prof &#8211; Dra. Jim\u00e9nez"},"content":{"rendered":"<p><div class=\"fusion-fullwidth fullwidth-box fusion-builder-row-1 nonhundred-percent-fullwidth non-hundred-percent-height-scrolling fusion-no-small-visibility fusion-no-medium-visibility\" style=\"--awb-border-radius-top-left:0px;--awb-border-radius-top-right:0px;--awb-border-radius-bottom-right:0px;--awb-border-radius-bottom-left:0px;--awb-margin-top:40px;--awb-flex-wrap:wrap;\" ><div class=\"fusion-builder-row fusion-row\"><div class=\"fusion-layout-column fusion_builder_column fusion-builder-column-0 fusion_builder_column_1_3 1_3 fusion-one-third fusion-column-first\" style=\"--awb-bg-size:cover;--awb-margin-top:10px;width:33.333333333333%;width:calc(33.333333333333% - ( ( 4% + 4% ) * 0.33333333333333 ) );margin-right: 4%;\"><div class=\"fusion-column-wrapper fusion-column-has-shadow fusion-flex-column-wrapper-legacy\"><div class=\"fusion-image-element fusion-image-align-center in-legacy-container\" style=\"text-align:center;--awb-caption-title-font-family:var(--h2_typography-font-family);--awb-caption-title-font-weight:var(--h2_typography-font-weight);--awb-caption-title-font-style:var(--h2_typography-font-style);--awb-caption-title-size:var(--h2_typography-font-size);--awb-caption-title-transform:var(--h2_typography-text-transform);--awb-caption-title-line-height:var(--h2_typography-line-height);--awb-caption-title-letter-spacing:var(--h2_typography-letter-spacing);\"><div class=\"imageframe-align-center\"><span class=\" fusion-imageframe imageframe-none imageframe-1 hover-type-none\"><img decoding=\"async\" width=\"648\" height=\"709\" title=\"anabel_jimenez_profile\" src=\"https:\/\/nixiforchildren.com\/wp-content\/uploads\/2020\/11\/anabel_jimenez_profile.png\" alt class=\"img-responsive wp-image-5405\" srcset=\"https:\/\/nixiforchildren.com\/wp-content\/uploads\/2020\/11\/anabel_jimenez_profile-200x219.png 200w, https:\/\/nixiforchildren.com\/wp-content\/uploads\/2020\/11\/anabel_jimenez_profile-400x438.png 400w, https:\/\/nixiforchildren.com\/wp-content\/uploads\/2020\/11\/anabel_jimenez_profile-600x656.png 600w, https:\/\/nixiforchildren.com\/wp-content\/uploads\/2020\/11\/anabel_jimenez_profile.png 648w\" sizes=\"(max-width: 1000px) 100vw, 400px\" \/><\/span><\/div><\/div><div class=\"fusion-clearfix\"><\/div><\/div><\/div><div class=\"fusion-layout-column fusion_builder_column fusion-builder-column-1 fusion_builder_column_1_2 1_2 fusion-one-half\" style=\"--awb-bg-size:cover;width:50%;width:calc(50% - ( ( 4% + 4% ) * 0.5 ) );margin-right: 4%;\"><div class=\"fusion-column-wrapper fusion-column-has-shadow fusion-flex-column-wrapper-legacy\"><div class=\"fusion-title title fusion-title-1 fusion-sep-none fusion-title-text fusion-title-size-one\" style=\"--awb-margin-bottom:-8px;\"><h1 class=\"fusion-title-heading title-heading-left fusion-responsive-typography-calculated\" style=\"margin:0;--fontSize:80;line-height:1;\"><p style=\"color: #ffffff; line-height: 20px; text-align: left;\"><span style=\"color: #333333; font-size: 18px; line-height: 32px; font-weight: 400;\">Perfil de embajadora<\/span><\/p><\/h1><\/div><div class=\"fusion-title title fusion-title-2 fusion-sep-none fusion-title-text fusion-title-size-one\" style=\"--awb-margin-top:-12px;--awb-margin-bottom:20px;\"><h1 class=\"fusion-title-heading title-heading-left fusion-responsive-typography-calculated\" style=\"margin:0;--fontSize:80;line-height:1;\"><p style=\"color: #ffffff; line-height: 20px; text-align: left;\"><span style=\"color: #333333; font-size: 25px; line-height: 32px; font-weight: 400;\">Dra. Anabel Jim\u00e9nez<\/span><\/p><\/h1><\/div><div class=\"fusion-sep-clear\"><\/div><div class=\"fusion-separator fusion-full-width-sep\" style=\"margin-left: auto;margin-right: auto;margin-bottom:18px;width:100%;\"><\/div><div class=\"fusion-sep-clear\"><\/div><div class=\"fusion-text fusion-text-1\"><p style=\"font-size: 15px; margin-top: 0px; line-height: 10px; text-align: left;\"><strong>En sus propias palabras:<\/strong><\/p>\n<p style=\"font-size: 15px; margin-top: 0px; line-height: 20px; text-align: left;\">Soy la Dra. Jim\u00e9nez, o para mis pacientes \u201c Anabel, la doctora que duerme\u201d.<\/p>\n<p style=\"font-size: 15px; margin-top: 0px; line-height: 20px; text-align: left;\">Desde siempre me ha gustado todo el que tiene que ver con los ni\u00f1os. De hecho empec\u00e9 Medicina convencida de que ser\u00eda Pediatra. Pero descubr\u00ed un mundo nuevo y fascinante cuando hice una asignatura optativa de Anestesiolog\u00eda. Me licenci\u00e9 en Medicina en la Universitat de Lleida e hice la especialidad de Anestesiolog\u00eda y Reanimaci\u00f3n en el Hospital Universitari Germans Trias y Pujol. Desde hace m\u00e1s de diez a\u00f1os un\u00ed mis dos pasiones, la Pediatr\u00eda y la Anestesiolog\u00eda, dedic\u00e1ndome al \u00e1rea de Anestesia Pedi\u00e1trica.<\/p>\n<p style=\"font-size: 15px; margin-top: 0px; line-height: 20px; text-align: left;\">Hacer que mis peque\u00f1os pacientes est\u00e9n tranquilos y vean el proceso quir\u00fargico y de curaci\u00f3n como un juego se mi prioridad. Y tambi\u00e9n una satisfacci\u00f3n de trabajo bien hecho.<\/p>\n<\/div><div class=\"fusion-sep-clear\"><\/div><div class=\"fusion-separator fusion-full-width-sep\" style=\"margin-left: auto;margin-right: auto;margin-bottom:10px;width:100%;\"><\/div><div class=\"fusion-sep-clear\"><\/div><div class=\"fusion-clearfix\"><\/div><\/div><\/div><div class=\"fusion-layout-column fusion_builder_column fusion-builder-column-2 fusion_builder_column_1_6 1_6 fusion-one-sixth fusion-column-last\" style=\"--awb-bg-size:cover;width:16.666666666667%;width:calc(16.666666666667% - ( ( 4% + 4% ) * 0.16666666666667 ) );\"><div class=\"fusion-column-wrapper fusion-column-has-shadow fusion-flex-column-wrapper-legacy\"><div class=\"fusion-clearfix\"><\/div><\/div><\/div><div class=\"fusion-layout-column fusion_builder_column fusion-builder-column-3 fusion_builder_column_2_3 2_3 fusion-two-third fusion-column-first\" style=\"--awb-bg-size:cover;width:66.666666666667%;width:calc(66.666666666667% - ( ( 4% ) * 0.66666666666667 ) );margin-right: 4%;\"><div class=\"fusion-column-wrapper fusion-column-has-shadow fusion-flex-column-wrapper-legacy\"><div class=\"fusion-clearfix\"><\/div><\/div><\/div><div class=\"fusion-layout-column fusion_builder_column fusion-builder-column-4 fusion_builder_column_1_6 1_6 fusion-one-sixth fusion-column-last\" style=\"--awb-bg-size:cover;width:16.666666666667%;width:calc(16.666666666667% - ( ( 4% ) * 0.16666666666667 ) );\"><div class=\"fusion-column-wrapper fusion-column-has-shadow fusion-flex-column-wrapper-legacy\"><div class=\"fusion-clearfix\"><\/div><\/div><\/div><\/div><\/div><div class=\"fusion-fullwidth fullwidth-box fusion-builder-row-2 nonhundred-percent-fullwidth non-hundred-percent-height-scrolling fusion-no-large-visibility\" style=\"--awb-border-radius-top-left:0px;--awb-border-radius-top-right:0px;--awb-border-radius-bottom-right:0px;--awb-border-radius-bottom-left:0px;--awb-margin-top:40px;--awb-flex-wrap:wrap;\" ><div class=\"fusion-builder-row fusion-row\"><div class=\"fusion-layout-column fusion_builder_column fusion-builder-column-5 fusion_builder_column_1_3 1_3 fusion-one-third fusion-column-first\" style=\"--awb-bg-size:cover;--awb-margin-top:10px;width:33.333333333333%;width:calc(33.333333333333% - ( ( 4% + 4% ) * 0.33333333333333 ) );margin-right: 4%;\"><div class=\"fusion-column-wrapper fusion-column-has-shadow fusion-flex-column-wrapper-legacy\"><div class=\"fusion-image-element fusion-image-align-center in-legacy-container\" style=\"text-align:center;--awb-caption-title-font-family:var(--h2_typography-font-family);--awb-caption-title-font-weight:var(--h2_typography-font-weight);--awb-caption-title-font-style:var(--h2_typography-font-style);--awb-caption-title-size:var(--h2_typography-font-size);--awb-caption-title-transform:var(--h2_typography-text-transform);--awb-caption-title-line-height:var(--h2_typography-line-height);--awb-caption-title-letter-spacing:var(--h2_typography-letter-spacing);\"><div class=\"imageframe-align-center\"><span class=\" fusion-imageframe imageframe-none imageframe-2 hover-type-none\"><img decoding=\"async\" width=\"648\" height=\"709\" title=\"anabel_jimenez_profile\" src=\"https:\/\/nixiforchildren.com\/wp-content\/uploads\/2020\/11\/anabel_jimenez_profile.png\" alt class=\"img-responsive wp-image-5405\" srcset=\"https:\/\/nixiforchildren.com\/wp-content\/uploads\/2020\/11\/anabel_jimenez_profile-200x219.png 200w, https:\/\/nixiforchildren.com\/wp-content\/uploads\/2020\/11\/anabel_jimenez_profile-400x438.png 400w, https:\/\/nixiforchildren.com\/wp-content\/uploads\/2020\/11\/anabel_jimenez_profile-600x656.png 600w, https:\/\/nixiforchildren.com\/wp-content\/uploads\/2020\/11\/anabel_jimenez_profile.png 648w\" sizes=\"(max-width: 1000px) 100vw, 400px\" \/><\/span><\/div><\/div><div class=\"fusion-clearfix\"><\/div><\/div><\/div><div class=\"fusion-layout-column fusion_builder_column fusion-builder-column-6 fusion_builder_column_1_2 1_2 fusion-one-half\" style=\"--awb-bg-size:cover;width:50%;width:calc(50% - ( ( 4% + 4% ) * 0.5 ) );margin-right: 4%;\"><div class=\"fusion-column-wrapper fusion-column-has-shadow fusion-flex-column-wrapper-legacy\"><div class=\"fusion-title title fusion-title-3 fusion-sep-none fusion-title-text fusion-title-size-one\" style=\"--awb-margin-bottom:-15px;\"><h1 class=\"fusion-title-heading title-heading-left fusion-responsive-typography-calculated\" style=\"margin:0;--fontSize:80;line-height:1;\"><p style=\"color: #ffffff; line-height: 20px; text-align: center;\"><span style=\"color: #333333; font-size: 18px; line-height: 19px; font-weight: 400;\">Perfil de embajadora<\/span><\/p><\/h1><\/div><div class=\"fusion-title title fusion-title-4 fusion-sep-none fusion-title-text fusion-title-size-one\" style=\"--awb-margin-top:-50px;--awb-margin-bottom:20px;--awb-margin-top-small:-15px;\"><h1 class=\"fusion-title-heading title-heading-left fusion-responsive-typography-calculated\" style=\"margin:0;--fontSize:80;line-height:1;\"><p style=\"color: #ffffff; line-height: 20px; text-align: center;\"><span style=\"color: #333333; font-size: 25px; line-height: 25px; font-weight: 400;\">Dra. Anabel Jim\u00e9nez<\/span><\/p><\/h1><\/div><div class=\"fusion-sep-clear\"><\/div><div class=\"fusion-separator fusion-full-width-sep\" style=\"margin-left: auto;margin-right: auto;margin-bottom:18px;width:100%;\"><\/div><div class=\"fusion-sep-clear\"><\/div><div class=\"fusion-text fusion-text-2\"><p style=\"font-size: 15px; margin-top: 0px; line-height: 10px; text-align: left;\"><strong>En sus propias palabras:<\/strong><\/p>\n<p style=\"font-size: 15px; margin-top: 0px; line-height: 20px; text-align: left;\">Soy la Dra. Jim\u00e9nez, o para mis pacientes \u201cAnabel, la doctora que duerme\u201d.<\/p>\n<p style=\"font-size: 15px; margin-top: 0px; line-height: 20px; text-align: left;\">Desde siempre me ha gustado todo lo que tiene que ver con los ni\u00f1os. De hecho empec\u00e9 Medicina convencida de que ser\u00eda Pediatra. Pero descubr\u00ed un mundo nuevo y fascinante cuando hice una asignatura optativa de Anestesiolog\u00eda. Me licenci\u00e9 en Medicina en la Universitat de Lleida e hice la especialidad de Anestesiolog\u00eda y Reanimaci\u00f3n en el Hospital Universitario Germans Trias y Pujol. Desde hace m\u00e1s de diez a\u00f1os un\u00ed mis dos pasiones, la Pediatr\u00eda y la Anestesiolog\u00eda, dedic\u00e1ndome al \u00e1rea de Anestesia Pedi\u00e1trica.<\/p>\n<p style=\"font-size: 15px; margin-top: 0px; line-height: 20px; text-align: left;\">Hacer que mis peque\u00f1os pacientes est\u00e9n tranquilos y vean el proceso quir\u00fargico y de curaci\u00f3n como un juego se mi prioridad. Y tambi\u00e9n una satisfacci\u00f3n de trabajo bien hecho.<\/p>\n<\/div><div class=\"fusion-sep-clear\"><\/div><div class=\"fusion-separator fusion-full-width-sep\" style=\"margin-left: auto;margin-right: auto;margin-bottom:10px;width:100%;\"><\/div><div class=\"fusion-sep-clear\"><\/div><div class=\"fusion-clearfix\"><\/div><\/div><\/div><div class=\"fusion-layout-column fusion_builder_column fusion-builder-column-7 fusion_builder_column_1_6 1_6 fusion-one-sixth fusion-column-last\" style=\"--awb-bg-size:cover;width:16.666666666667%;width:calc(16.666666666667% - ( ( 4% + 4% ) * 0.16666666666667 ) );\"><div class=\"fusion-column-wrapper fusion-column-has-shadow fusion-flex-column-wrapper-legacy\"><div class=\"fusion-clearfix\"><\/div><\/div><\/div><div class=\"fusion-layout-column fusion_builder_column fusion-builder-column-8 fusion_builder_column_2_3 2_3 fusion-two-third fusion-column-first\" style=\"--awb-bg-size:cover;width:66.666666666667%;width:calc(66.666666666667% - ( ( 4% ) * 0.66666666666667 ) );margin-right: 4%;\"><div class=\"fusion-column-wrapper fusion-column-has-shadow fusion-flex-column-wrapper-legacy\"><div class=\"fusion-clearfix\"><\/div><\/div><\/div><div class=\"fusion-layout-column fusion_builder_column fusion-builder-column-9 fusion_builder_column_1_6 1_6 fusion-one-sixth fusion-column-last\" style=\"--awb-bg-size:cover;width:16.666666666667%;width:calc(16.666666666667% - ( ( 4% ) * 0.16666666666667 ) );\"><div class=\"fusion-column-wrapper fusion-column-has-shadow fusion-flex-column-wrapper-legacy\"><div class=\"fusion-clearfix\"><\/div><\/div><\/div><\/div><\/div><\/p>\n","protected":false},"excerpt":{"rendered":"","protected":false},"author":1,"featured_media":0,"parent":0,"menu_order":0,"comment_status":"closed","ping_status":"open","template":"100-width.php","meta":{"footnotes":""},"class_list":["post-5419","page","type-page","status-publish","hentry"],"_links":{"self":[{"href":"https:\/\/nixiforchildren.com\/nl\/wp-json\/wp\/v2\/pages\/5419","targetHints":{"allow":["GET"]}}],"collection":[{"href":"https:\/\/nixiforchildren.com\/nl\/wp-json\/wp\/v2\/pages"}],"about":[{"href":"https:\/\/nixiforchildren.com\/nl\/wp-json\/wp\/v2\/types\/page"}],"author":[{"embeddable":true,"href":"https:\/\/nixiforchildren.com\/nl\/wp-json\/wp\/v2\/users\/1"}],"replies":[{"embeddable":true,"href":"https:\/\/nixiforchildren.com\/nl\/wp-json\/wp\/v2\/comments?post=5419"}],"version-history":[{"count":12,"href":"https:\/\/nixiforchildren.com\/nl\/wp-json\/wp\/v2\/pages\/5419\/revisions"}],"predecessor-version":[{"id":5459,"href":"https:\/\/nixiforchildren.com\/nl\/wp-json\/wp\/v2\/pages\/5419\/revisions\/5459"}],"wp:attachment":[{"href":"https:\/\/nixiforchildren.com\/nl\/wp-json\/wp\/v2\/media?parent=5419"}],"curies":[{"name":"wp","href":"https:\/\/api.w.org\/{rel}","templated":true}]}}