{"id":5413,"date":"2020-11-13T16:32:33","date_gmt":"2020-11-13T15:32:33","guid":{"rendered":"https:\/\/nixiforchildren.com\/es\/?page_id=5413"},"modified":"2020-11-19T17:50:07","modified_gmt":"2020-11-19T16:50:07","slug":"fredericrodenas","status":"publish","type":"page","link":"https:\/\/nixiforchildren.com\/es\/fredericrodenas\/","title":{"rendered":"Plataforma &#8211; Perfil Prof &#8211; Dr. R\u00f3denas"},"content":{"rendered":"<p><div class=\"fusion-fullwidth fullwidth-box fusion-builder-row-1 nonhundred-percent-fullwidth non-hundred-percent-height-scrolling fusion-no-small-visibility fusion-no-medium-visibility\" style=\"--awb-border-radius-top-left:0px;--awb-border-radius-top-right:0px;--awb-border-radius-bottom-right:0px;--awb-border-radius-bottom-left:0px;--awb-margin-top:40px;--awb-flex-wrap:wrap;\" ><div class=\"fusion-builder-row fusion-row\"><div class=\"fusion-layout-column fusion_builder_column fusion-builder-column-0 fusion_builder_column_1_3 1_3 fusion-one-third fusion-column-first\" style=\"--awb-bg-size:cover;--awb-margin-top:10px;width:33.333333333333%;width:calc(33.333333333333% - ( ( 4% + 4% ) * 0.33333333333333 ) );margin-right: 4%;\"><div class=\"fusion-column-wrapper fusion-column-has-shadow fusion-flex-column-wrapper-legacy\"><div class=\"fusion-image-element fusion-image-align-center in-legacy-container\" style=\"text-align:center;--awb-caption-title-font-family:var(--h2_typography-font-family);--awb-caption-title-font-weight:var(--h2_typography-font-weight);--awb-caption-title-font-style:var(--h2_typography-font-style);--awb-caption-title-size:var(--h2_typography-font-size);--awb-caption-title-transform:var(--h2_typography-text-transform);--awb-caption-title-line-height:var(--h2_typography-line-height);--awb-caption-title-letter-spacing:var(--h2_typography-letter-spacing);\"><div class=\"imageframe-align-center\"><span class=\" fusion-imageframe imageframe-none imageframe-1 hover-type-none\"><img decoding=\"async\" width=\"648\" height=\"709\" title=\"Fredi2\" src=\"https:\/\/nixiforchildren.com\/wp-content\/uploads\/2020\/11\/Fredi2.jpg\" alt class=\"img-responsive wp-image-5408\" srcset=\"https:\/\/nixiforchildren.com\/wp-content\/uploads\/2020\/11\/Fredi2-200x219.jpg 200w, https:\/\/nixiforchildren.com\/wp-content\/uploads\/2020\/11\/Fredi2-400x438.jpg 400w, https:\/\/nixiforchildren.com\/wp-content\/uploads\/2020\/11\/Fredi2-600x656.jpg 600w, https:\/\/nixiforchildren.com\/wp-content\/uploads\/2020\/11\/Fredi2.jpg 648w\" sizes=\"(max-width: 1000px) 100vw, 400px\" \/><\/span><\/div><\/div><div class=\"fusion-clearfix\"><\/div><\/div><\/div><div class=\"fusion-layout-column fusion_builder_column fusion-builder-column-1 fusion_builder_column_1_2 1_2 fusion-one-half\" style=\"--awb-bg-size:cover;width:50%;width:calc(50% - ( ( 4% + 4% ) * 0.5 ) );margin-right: 4%;\"><div class=\"fusion-column-wrapper fusion-column-has-shadow fusion-flex-column-wrapper-legacy\"><div class=\"fusion-title title fusion-title-1 fusion-sep-none fusion-title-text fusion-title-size-one\" style=\"--awb-margin-bottom:-8px;\"><h1 class=\"fusion-title-heading title-heading-left fusion-responsive-typography-calculated\" style=\"margin:0;--fontSize:80;line-height:1;\"><p style=\"color: #ffffff; line-height: 20px; text-align: left;\"><span style=\"color: #333333; font-size: 18px; line-height: 32px; font-weight: 400;\">Perfil de embajador<\/span><\/p><\/h1><\/div><div class=\"fusion-title title fusion-title-2 fusion-sep-none fusion-title-text fusion-title-size-one\" style=\"--awb-margin-top:-12px;--awb-margin-bottom:20px;\"><h1 class=\"fusion-title-heading title-heading-left fusion-responsive-typography-calculated\" style=\"margin:0;--fontSize:80;line-height:1;\"><p style=\"color: #ffffff; line-height: 20px; text-align: left;\"><span style=\"color: #333333; font-size: 25px; line-height: 32px; font-weight: 400;\">Dr. Frederic R\u00f3denas &#8211; \u00abFredi\u00bb<\/span><\/p><\/h1><\/div><div class=\"fusion-sep-clear\"><\/div><div class=\"fusion-separator fusion-full-width-sep\" style=\"margin-left: auto;margin-right: auto;margin-bottom:10px;width:100%;\"><\/div><div class=\"fusion-sep-clear\"><\/div><div class=\"fusion-text fusion-text-1\"><p style=\"font-size: 15px; margin-top: 0px; line-height: 10px; text-align: left;\"><strong>En sus propias palabras<\/strong><\/p>\n<p style=\"font-size: 15px; margin-top: 0px; line-height: 20px; text-align: left;\">\u00abFredi, tal como me conocen, Dr. R\u00f3denas es demasiado serio, no hace falta!<\/p>\n<p style=\"font-size: 15px; margin-top: 0px; line-height: 20px; text-align: left;\">Licenciado en Medicina y Cirug\u00eda por la UAB, especialista en Medicina Familiar y Comunitaria y posteriormente, buscando la reinvenci\u00f3n m\u00e9dica, ya hace m\u00e1s de diez a\u00f1os, vuelvo de nuevo a la aventura del MIR para dedicarme a la anestesiolog\u00eda, una especialidad tanto extensa como desconocida para la mayor\u00eda.<\/p>\n<p style=\"font-size: 15px; margin-top: 0px; line-height: 20px; text-align: left;\">No podemos permitir que nuestros peque\u00f1os pacientes pierdan aquella sonrisa y aquella inocencia que tanto los caracteriza, curarse es bueno y el proceso para poder llegar tambi\u00e9n lo tiene que ser.\u00bb<\/p>\n<\/div><div class=\"fusion-sep-clear\"><\/div><div class=\"fusion-separator fusion-full-width-sep\" style=\"margin-left: auto;margin-right: auto;margin-bottom:10px;width:100%;\"><\/div><div class=\"fusion-sep-clear\"><\/div><div class=\"fusion-clearfix\"><\/div><\/div><\/div><div class=\"fusion-layout-column fusion_builder_column fusion-builder-column-2 fusion_builder_column_1_6 1_6 fusion-one-sixth fusion-column-last\" style=\"--awb-bg-size:cover;width:16.666666666667%;width:calc(16.666666666667% - ( ( 4% + 4% ) * 0.16666666666667 ) );\"><div class=\"fusion-column-wrapper fusion-column-has-shadow fusion-flex-column-wrapper-legacy\"><div class=\"fusion-clearfix\"><\/div><\/div><\/div><div class=\"fusion-layout-column fusion_builder_column fusion-builder-column-3 fusion_builder_column_2_3 2_3 fusion-two-third fusion-column-first\" style=\"--awb-bg-size:cover;width:66.666666666667%;width:calc(66.666666666667% - ( ( 4% ) * 0.66666666666667 ) );margin-right: 4%;\"><div class=\"fusion-column-wrapper fusion-column-has-shadow fusion-flex-column-wrapper-legacy\"><div class=\"fusion-clearfix\"><\/div><\/div><\/div><div class=\"fusion-layout-column fusion_builder_column fusion-builder-column-4 fusion_builder_column_1_6 1_6 fusion-one-sixth fusion-column-last\" style=\"--awb-bg-size:cover;width:16.666666666667%;width:calc(16.666666666667% - ( ( 4% ) * 0.16666666666667 ) );\"><div class=\"fusion-column-wrapper fusion-column-has-shadow fusion-flex-column-wrapper-legacy\"><div class=\"fusion-clearfix\"><\/div><\/div><\/div><\/div><\/div><div class=\"fusion-fullwidth fullwidth-box fusion-builder-row-2 nonhundred-percent-fullwidth non-hundred-percent-height-scrolling fusion-no-large-visibility\" style=\"--awb-border-radius-top-left:0px;--awb-border-radius-top-right:0px;--awb-border-radius-bottom-right:0px;--awb-border-radius-bottom-left:0px;--awb-margin-top:40px;--awb-flex-wrap:wrap;\" ><div class=\"fusion-builder-row fusion-row\"><div class=\"fusion-layout-column fusion_builder_column fusion-builder-column-5 fusion_builder_column_1_3 1_3 fusion-one-third fusion-column-first\" style=\"--awb-bg-size:cover;--awb-margin-top:10px;width:33.333333333333%;width:calc(33.333333333333% - ( ( 4% + 4% ) * 0.33333333333333 ) );margin-right: 4%;\"><div class=\"fusion-column-wrapper fusion-column-has-shadow fusion-flex-column-wrapper-legacy\"><div class=\"fusion-image-element fusion-image-align-center in-legacy-container\" style=\"text-align:center;--awb-caption-title-font-family:var(--h2_typography-font-family);--awb-caption-title-font-weight:var(--h2_typography-font-weight);--awb-caption-title-font-style:var(--h2_typography-font-style);--awb-caption-title-size:var(--h2_typography-font-size);--awb-caption-title-transform:var(--h2_typography-text-transform);--awb-caption-title-line-height:var(--h2_typography-line-height);--awb-caption-title-letter-spacing:var(--h2_typography-letter-spacing);\"><div class=\"imageframe-align-center\"><span class=\" fusion-imageframe imageframe-none imageframe-2 hover-type-none\"><img decoding=\"async\" width=\"648\" height=\"709\" title=\"Fredi2\" src=\"https:\/\/nixiforchildren.com\/wp-content\/uploads\/2020\/11\/Fredi2.jpg\" alt class=\"img-responsive wp-image-5408\" srcset=\"https:\/\/nixiforchildren.com\/wp-content\/uploads\/2020\/11\/Fredi2-200x219.jpg 200w, https:\/\/nixiforchildren.com\/wp-content\/uploads\/2020\/11\/Fredi2-400x438.jpg 400w, https:\/\/nixiforchildren.com\/wp-content\/uploads\/2020\/11\/Fredi2-600x656.jpg 600w, https:\/\/nixiforchildren.com\/wp-content\/uploads\/2020\/11\/Fredi2.jpg 648w\" sizes=\"(max-width: 1000px) 100vw, 400px\" \/><\/span><\/div><\/div><div class=\"fusion-clearfix\"><\/div><\/div><\/div><div class=\"fusion-layout-column fusion_builder_column fusion-builder-column-6 fusion_builder_column_1_2 1_2 fusion-one-half\" style=\"--awb-bg-size:cover;width:50%;width:calc(50% - ( ( 4% + 4% ) * 0.5 ) );margin-right: 4%;\"><div class=\"fusion-column-wrapper fusion-column-has-shadow fusion-flex-column-wrapper-legacy\"><div class=\"fusion-title title fusion-title-3 fusion-sep-none fusion-title-text fusion-title-size-one\" style=\"--awb-margin-bottom:-15px;\"><h1 class=\"fusion-title-heading title-heading-left fusion-responsive-typography-calculated\" style=\"margin:0;--fontSize:80;line-height:1;\"><p style=\"color: #ffffff; line-height: 20px; text-align: left;\"><span style=\"color: #333333; font-size: 18px; line-height: 19px; font-weight: 400;\">Perfil de embajador<\/span><\/p><\/h1><\/div><div class=\"fusion-title title fusion-title-4 fusion-sep-none fusion-title-text fusion-title-size-one\" style=\"--awb-margin-top:-50px;--awb-margin-bottom:20px;--awb-margin-top-small:-15px;\"><h1 class=\"fusion-title-heading title-heading-left fusion-responsive-typography-calculated\" style=\"margin:0;--fontSize:80;line-height:1;\"><p style=\"color: #ffffff; line-height: 20px; text-align: left;\"><span style=\"color: #333333; font-size: 25px; line-height: 25px; font-weight: 400;\">Dr. Frederic R\u00f3denas<\/span><\/p><\/h1><\/div><div class=\"fusion-text fusion-text-2\"><p style=\"font-size: 15px; margin-top: -8px; line-height: 20px; text-align: left;\"><strong>En sus propias palabras<\/strong><\/p>\n<p style=\"font-size: 15px; margin-top: -8px; line-height: 20px; text-align: left;\">\u00abFredi , tal como me conocen, Dr. R\u00f3denas es demasiado serio, no hace falta!<\/p>\n<p style=\"font-size: 15px; margin-top: -8px; line-height: 20px; text-align: left;\">Licenciado en Medicina y Cirug\u00eda por la UAB, especialista en Medicina Familiar y Comunitaria y posteriormente, buscando la reinvenci\u00f3n m\u00e9dica, ya hace m\u00e1s de diez a\u00f1os, vuelvo de nuevo a la aventura del MIR para dedicarme a la anestesiolog\u00eda, una especialidad tanto extensa como desconocida para la mayor\u00eda.<\/p>\n<p style=\"font-size: 15px; margin-top: -8px; line-height: 20px; text-align: left;\">No podemos permitir que nuestros peque\u00f1os pacientes pierdan aquella sonrisa y aquella inocencia que tanto los caracteriza, curarse es bueno y el proceso para poder llegar tambi\u00e9n lo tiene que ser.\u00bb<\/p>\n<\/div><div class=\"fusion-sep-clear\"><\/div><div class=\"fusion-separator fusion-full-width-sep\" style=\"margin-left: auto;margin-right: auto;margin-bottom:18px;width:100%;\"><\/div><div class=\"fusion-sep-clear\"><\/div><div class=\"fusion-clearfix\"><\/div><\/div><\/div><div class=\"fusion-layout-column fusion_builder_column fusion-builder-column-7 fusion_builder_column_1_6 1_6 fusion-one-sixth fusion-column-last\" style=\"--awb-bg-size:cover;width:16.666666666667%;width:calc(16.666666666667% - ( ( 4% + 4% ) * 0.16666666666667 ) );\"><div class=\"fusion-column-wrapper fusion-column-has-shadow fusion-flex-column-wrapper-legacy\"><div class=\"fusion-clearfix\"><\/div><\/div><\/div><div class=\"fusion-layout-column fusion_builder_column fusion-builder-column-8 fusion_builder_column_2_3 2_3 fusion-two-third fusion-column-first\" style=\"--awb-bg-size:cover;width:66.666666666667%;width:calc(66.666666666667% - ( ( 4% ) * 0.66666666666667 ) );margin-right: 4%;\"><div class=\"fusion-column-wrapper fusion-column-has-shadow fusion-flex-column-wrapper-legacy\"><div class=\"fusion-clearfix\"><\/div><\/div><\/div><div class=\"fusion-layout-column fusion_builder_column fusion-builder-column-9 fusion_builder_column_1_6 1_6 fusion-one-sixth fusion-column-last\" style=\"--awb-bg-size:cover;width:16.666666666667%;width:calc(16.666666666667% - ( ( 4% ) * 0.16666666666667 ) );\"><div class=\"fusion-column-wrapper fusion-column-has-shadow fusion-flex-column-wrapper-legacy\"><div class=\"fusion-clearfix\"><\/div><\/div><\/div><\/div><\/div><\/p>\n","protected":false},"excerpt":{"rendered":"","protected":false},"author":1,"featured_media":0,"parent":0,"menu_order":0,"comment_status":"closed","ping_status":"open","template":"100-width.php","meta":{"footnotes":""},"class_list":["post-5413","page","type-page","status-publish","hentry"],"_links":{"self":[{"href":"https:\/\/nixiforchildren.com\/es\/wp-json\/wp\/v2\/pages\/5413","targetHints":{"allow":["GET"]}}],"collection":[{"href":"https:\/\/nixiforchildren.com\/es\/wp-json\/wp\/v2\/pages"}],"about":[{"href":"https:\/\/nixiforchildren.com\/es\/wp-json\/wp\/v2\/types\/page"}],"author":[{"embeddable":true,"href":"https:\/\/nixiforchildren.com\/es\/wp-json\/wp\/v2\/users\/1"}],"replies":[{"embeddable":true,"href":"https:\/\/nixiforchildren.com\/es\/wp-json\/wp\/v2\/comments?post=5413"}],"version-history":[{"count":31,"href":"https:\/\/nixiforchildren.com\/es\/wp-json\/wp\/v2\/pages\/5413\/revisions"}],"predecessor-version":[{"id":5456,"href":"https:\/\/nixiforchildren.com\/es\/wp-json\/wp\/v2\/pages\/5413\/revisions\/5456"}],"wp:attachment":[{"href":"https:\/\/nixiforchildren.com\/es\/wp-json\/wp\/v2\/media?parent=5413"}],"curies":[{"name":"wp","href":"https:\/\/api.w.org\/{rel}","templated":true}]}}