{"id":3981,"date":"2020-04-25T02:37:35","date_gmt":"2020-04-25T00:37:35","guid":{"rendered":"https:\/\/nixiforchildren.com\/ca\/?page_id=3981"},"modified":"2020-04-25T02:50:29","modified_gmt":"2020-04-25T00:50:29","slug":"legal","status":"publish","type":"page","link":"https:\/\/nixiforchildren.com\/es\/legal\/","title":{"rendered":"Aviso legal"},"content":{"rendered":"<p><div class=\"fusion-fullwidth fullwidth-box fusion-builder-row-1 hundred-percent-fullwidth non-hundred-percent-height-scrolling fusion-no-small-visibility fusion-no-medium-visibility\" style=\"--awb-border-radius-top-left:0px;--awb-border-radius-top-right:0px;--awb-border-radius-bottom-right:0px;--awb-border-radius-bottom-left:0px;--awb-margin-top:0px;--awb-margin-bottom:00px;--awb-background-color:rgba(0,0,0,0.46);--awb-flex-wrap:wrap;\" ><div class=\"fusion-builder-row fusion-row\"><div class=\"fusion-layout-column fusion_builder_column fusion-builder-column-0 fusion_builder_column_1_5 1_5 fusion-one-fifth fusion-column-first\" style=\"--awb-bg-size:cover;width:20%;width:calc(20% - ( ( 4% + 4% ) * 0.2 ) );margin-right: 4%;\"><div class=\"fusion-column-wrapper fusion-column-has-shadow fusion-flex-column-wrapper-legacy\"><div class=\"fusion-clearfix\"><\/div><\/div><\/div><div class=\"fusion-layout-column fusion_builder_column fusion-builder-column-1 fusion_builder_column_3_5 3_5 fusion-three-fifth\" style=\"--awb-bg-size:cover;--awb-margin-top:35px;width:60%;width:calc(60% - ( ( 4% + 4% ) * 0.6 ) );margin-right: 4%;\"><div class=\"fusion-column-wrapper fusion-column-has-shadow fusion-flex-column-wrapper-legacy\"><div class=\"fusion-title title fusion-title-1 fusion-sep-none fusion-title-text fusion-title-size-one\" style=\"--awb-margin-bottom:17px;\"><h1 class=\"fusion-title-heading title-heading-left fusion-responsive-typography-calculated\" style=\"margin:0;--fontSize:80;line-height:1;\"><p style=\"text-align: center; color: #ffffff; line-height: 20px;\"><span style=\"font-size: 32px; line-height: 35px; font-weight: 400;\">Aviso legal<\/span><\/p><\/h1><\/div><div class=\"fusion-clearfix\"><\/div><\/div><\/div><div class=\"fusion-layout-column fusion_builder_column fusion-builder-column-2 fusion_builder_column_1_5 1_5 fusion-one-fifth fusion-column-last\" style=\"--awb-bg-size:cover;width:20%;width:calc(20% - ( ( 4% + 4% ) * 0.2 ) );\"><div class=\"fusion-column-wrapper fusion-column-has-shadow fusion-flex-column-wrapper-legacy\"><div class=\"fusion-clearfix\"><\/div><\/div><\/div><\/div><\/div><div class=\"fusion-fullwidth fullwidth-box fusion-builder-row-2 nonhundred-percent-fullwidth non-hundred-percent-height-scrolling fusion-no-small-visibility fusion-no-medium-visibility\" style=\"--awb-border-radius-top-left:0px;--awb-border-radius-top-right:0px;--awb-border-radius-bottom-right:0px;--awb-border-radius-bottom-left:0px;--awb-flex-wrap:wrap;\" ><div class=\"fusion-builder-row fusion-row\"><div class=\"fusion-layout-column fusion_builder_column fusion-builder-column-3 fusion_builder_column_1_6 1_6 fusion-one-sixth fusion-column-first\" style=\"--awb-bg-size:cover;width:16.666666666667%;width:calc(16.666666666667% - ( ( 4% + 4% ) * 0.16666666666667 ) );margin-right: 4%;\"><div class=\"fusion-column-wrapper fusion-column-has-shadow fusion-flex-column-wrapper-legacy\"><div class=\"fusion-clearfix\"><\/div><\/div><\/div><div class=\"fusion-layout-column fusion_builder_column fusion-builder-column-4 fusion_builder_column_2_3 2_3 fusion-two-third\" style=\"--awb-bg-size:cover;width:66.666666666667%;width:calc(66.666666666667% - ( ( 4% + 4% ) * 0.66666666666667 ) );margin-right: 4%;\"><div class=\"fusion-column-wrapper fusion-column-has-shadow fusion-flex-column-wrapper-legacy\"><div class=\"fusion-sep-clear\"><\/div><div class=\"fusion-separator fusion-full-width-sep\" style=\"margin-left: auto;margin-right: auto;margin-bottom:35px;width:100%;\"><\/div><div class=\"fusion-sep-clear\"><\/div><div class=\"fusion-text fusion-text-1\"><div class=\"O0\">\n<h5><span style=\"color: #333333;\"><b>Datos Identificativos del Titular de la P\u00e1gina Web:<\/b><\/span><\/h5>\n<p><span style=\"color: #333333;\">De conformidad con la\u00a0\u00a0Ley 34\/2002, del 11 de julio, de Servicios de la Sociedad de la Informaci\u00f3n y Comercio Electr\u00f3nico (LSSICE).<\/span><\/p>\n<p><span style=\"color: #333333;\">Obligaciones de informaci\u00f3n general establecidas en el art\u00edculo 10 de la LSSI.<\/span><\/p>\n<p><span style=\"color: #333333;\">La presente pol\u00edtica de protecci\u00f3n de datos regula el acceso y el uso del sitio Web <a style=\"color: #333333;\" href=\"https:\/\/nixiforchildren.com\">https:\/\/nixiforchildren.com<\/a> propiedad de:<\/span><\/p>\n<p><span style=\"color: #333333;\">Nixi Design for Health SL &#8211; B67528141<\/span><\/p>\n<p><span style=\"color: #333333;\">C\/ Balmes 271, 5a planta. 08006, Barcelona .<\/span><\/p>\n<h5><span style=\"color: #333333;\"><b>Pol\u00edtica de Protecci\u00f3n de Datos:<\/b><\/span><\/h5>\n<p><span style=\"color: #333333;\">En cumplimiento del art\u00edculo 5 de la Ley Org\u00e1nica 15\/1999, de 13 de diciembre, de Protecci\u00f3n de Datos de Car\u00e1cter Personal, por el que se regula el derecho de informaci\u00f3n en la recogida de los datos, se advierte de que todos los datos personales que sean facilitados voluntariamente por los usuarios de la p\u00e1gina <a style=\"color: #333333;\" href=\"https:\/\/nixiforchildren.com\">https:\/\/nixiforchildren.com<\/a> ser\u00e1n incluidos en un fichero automatizado denominado USUARIOS WEB cuya finalidad es \u201cla gesti\u00f3n de los datos de los usuarios de la web necesarios para la prestaci\u00f3n de servicios ofertados por el responsable del fichero\u201d.<\/span><\/p>\n<p><span style=\"color: #333333;\">El usuario otorga el consentimiento expreso, libre y de forma inequ\u00edvoca para que sus datos de car\u00e1cter personal sean incluidos en dicho fichero automatizado con\u00a0 la finalidad de ser empleados para los fines propios de la gesti\u00f3n de clientes y usuarios.<\/span><\/p>\n<p><span style=\"color: #333333;\">La recogida de sus datos de car\u00e1cter personal se realiza con la finalidad de prestar los servicios solicitados, pudiendo remitirle ofertas comerciales v\u00eda e-mail, sms u otros medios de los productos y servicios ofrecidos por\u00a0 Nixi Design for Health SL que pudieran ser de su inter\u00e9s.<\/span><\/p>\n<p><span style=\"color: #333333;\">Las autorizaciones para la cesi\u00f3n de datos y el env\u00edo de comunicaciones comerciales por cualquier medio podr\u00e1n revocarse, en cualquier momento, enviando un correo electr\u00f3nico a hello@nixiforchildren.com indicando por escrito su petici\u00f3n y adjuntando fotocopia de su\u00a0DNI.<\/span><\/p>\n<p><span style=\"color: #333333;\">A estos efectos le informamos que en cualquier momento el Cliente\/Usuario podr\u00e1 ejercitar sus derechos de acceso, rectificaci\u00f3n, oposici\u00f3n y cancelaci\u00f3n de sus datos de car\u00e1cter personal a la direcci\u00f3n antes indicada.<\/span><\/p>\n<p><span style=\"color: #333333;\">Nixi Design for Health SL se compromete a tratar de forma absolutamente confidencial sus datos de car\u00e1cter personal y a utilizarlos s\u00f3lo para las finalidades indicadas.<\/span><\/p>\n<p><span style=\"color: #333333;\">En virtud del principio de calidad de datos, el Cliente\/Usuario deber\u00e1 comunicar por escrito a Nixi Design for Health SL, mediante cualquier medio que permita tener constancia de la recepci\u00f3n por Nixi Design for Health SL, cualesquiera errores que pudiera apreciar en sus datos personales a fin de que se proceda a rectificarlos.<\/span><\/p>\n<p><span style=\"color: #333333;\">Ambas partes considerar\u00e1n que los datos que obran en los sistemas de\u00a0Nixi Design for Health SL son correctos, en caso de que el Cliente no ejerza su derecho de rectificaci\u00f3n.<\/span><\/p>\n<p><span style=\"color: #333333;\">Asimismo le informamos de que\u00a0Nixi Design for Health SL tiene implantadas las medidas t\u00e9cnicas y organizativas necesarias para garantizar la seguridad de sus datos de car\u00e1cter personal.<\/span><\/p>\n<p><span style=\"color: #333333;\">A trav\u00e9s de esta p\u00e1gina web no se recoge ning\u00fan dato personal sin su conocimiento, ni se ceden a terceros.<\/span><\/p>\n<h5><span style=\"color: #333333;\"><b>Legislaci\u00f3n aplicable<\/b><\/span><\/h5>\n<p><span style=\"color: #333333;\">El presente Aviso Legal se regir\u00e1 por lo dispuesto en la legislaci\u00f3n espa\u00f1ola someti\u00e9ndose a la jurisdicci\u00f3n de los Juzgados y Tribunales del domicilio del titular de la web.<\/span><\/p>\n<h5><span style=\"color: #333333;\"><b>Pol\u00edtica de Cookies<\/b><\/span><\/h5>\n<p><strong><span style=\"color: #333333;\">Definici\u00f3n, funci\u00f3n y tipos de cookies<\/span><\/strong><\/p>\n<p><span style=\"color: #333333;\">1. Una\u00a0COOKIE\u00a0es un archivo de informaci\u00f3n que el servidor de un sitio web env\u00eda al equipo de quien accede a la p\u00e1gina para almacenar y recuperar informaci\u00f3n sobre su navegaci\u00f3n. Por lo tanto, cuando se accede a una p\u00e1gina Web que utiliza cookies, \u00e9sta solicita al navegador que las guarde en el disco duro.<\/span><\/p>\n<p><span style=\"color: #333333;\">2. Sus principales FUNCIONES son:<\/span><\/p>\n<ul>\n<li><span style=\"color: #333333;\">Llevar el control de usuarios.<\/span>\n<ol>\n<li><span style=\"color: #333333;\">Cuando un usuario introduce su nombre de usuario y contrase\u00f1a, se almacena una\u00a0cookie\u00a0para que no tenga que estar introduci\u00e9ndolas para cada p\u00e1gina del servidor.<\/span><\/li>\n<li><span style=\"color: #333333;\">Lo normal es que las cookies no identifiquen a las personas, s\u00f3lo el ordenador, el navegador y el usuario que accede. No obstante, existen cookies que pueden guardar informaci\u00f3n que identifique personalmente a los usuarios.<\/span><\/li>\n<li><span style=\"color: #333333;\">Las cookies pueden guardar la configuraci\u00f3n de los sitios web como ser\u00edan el idioma preferido o la ubicaci\u00f3n geogr\u00e1fica.<\/span><\/li>\n<\/ol>\n<\/li>\n<li><span style=\"color: #333333;\">Conseguir informaci\u00f3n sobre los h\u00e1bitos de navegaci\u00f3n del usuario.<\/span><\/li>\n<\/ul>\n<p><span style=\"color: #333333;\">3. TIPOS de cookies:<\/span><\/p>\n<p><span style=\"color: #333333;\">3.1. Por entidad gestora del dominio<\/span><\/p>\n<ul>\n<li><span style=\"color: #333333;\">Cookies propias<\/span><\/li>\n<li><span style=\"color: #333333;\">Cookies de terceros<\/span><\/li>\n<\/ul>\n<p><span style=\"color: #333333;\">3.2. Por su tiempo de permanencia<\/span><\/p>\n<ul>\n<li><span style=\"color: #333333;\">Cookies de sesi\u00f3n<\/span><\/li>\n<li><span style=\"color: #333333;\">Cookies persistentes<\/span><\/li>\n<\/ul>\n<p><span style=\"color: #333333;\">3.3. Por su finalidad<\/span><\/p>\n<ul>\n<li><span style=\"color: #333333;\">Cookies t\u00e9cnicas<\/span><\/li>\n<li><span style=\"color: #333333;\">Cookies de personalizaci\u00f3n<\/span><\/li>\n<li><span style=\"color: #333333;\">Cookies de an\u00e1lisis<\/span><\/li>\n<li><span style=\"color: #333333;\">Cookies de publicidad<\/span><\/li>\n<li><span style=\"color: #333333;\">Cookies de publicidad comportamental<\/span><\/li>\n<\/ul>\n<p><span style=\"color: #333333;\">4. USO DE COOKIES<\/span><\/p>\n<p><span style=\"color: #333333;\">La Web <a style=\"color: #333333;\" href=\"https:\/\/nixiforchildren.com\">https:\/\/nixiforchildren.com<\/a> utiliza \u201ccookies\u201d cuando un Usuario navega por sus p\u00e1ginas. Estas \u201ccookies\u201d se asocian \u00fanicamente con el navegador del ordenador de forma an\u00f3nima, y por lo tanto, no proporcionan datos personales del Usuario.<\/span><\/p>\n<p><span style=\"color: #333333;\">El Usuario tiene la posibilidad de configurar su navegador para ser avisado en pantalla de la recepci\u00f3n de \u201ccookies\u201d y para impedir su instalaci\u00f3n en su disco duro.<\/span><\/p>\n<p><span style=\"color: #333333;\">En este sitio Web se utilizan las siguientes cookies que se detallan a continuaci\u00f3n:<\/span><\/p>\n<p><span style=\"color: #333333;\">+ COOKIES T\u00c9CNICAS. Necesarias para la prestaci\u00f3n de determinados servicios. Si se desactivan estas cookies, no podr\u00e1 recibir correctamente los contenidos del sitio web. Tambi\u00e9n son utilizadas para compartir contenidos a trav\u00e9s de redes sociales.<\/span><\/p>\n<p><span style=\"color: #333333;\">+ COOKIES DE PROCESO. Son aqu\u00e9llas que, ayudan a hacer funcionar el sitio Web y entregar los servicios que el visitante del sitio Web espera, como navegar por p\u00e1ginas web o acceder a \u00e1reas seguras del sitio web.<\/span><\/p>\n<p><span style=\"color: #333333;\">+ COOKIES DE ALMACENAMIENTO DE SESI\u00d3N. Son aquellas cookies que permiten almacenar informaci\u00f3n sobre la actividad del usuario en la p\u00e1gina para que pueda volver con facilidad al lugar donde la abandon\u00f3 en la sesi\u00f3n anterior.<\/span><\/p>\n<p><span style=\"color: #333333;\">4.1. COOKIES DE LA WEB (Propias y de terceros)<\/span><\/p>\n<p>T\u00edtulo de las cookies y prop\u00f3sito:<\/p>\n<p><span style=\"color: #333333;\">Google Analytics \/ _gid \/ _ga: Permiten realizar el seguimiento del sitio web mediante la herramienta Google Analytics, que es un servicio proporcionado por Google para obtener informaci\u00f3n de los accesos de los usuarios a los sitios web.<\/span><\/p>\n<p><span style=\"color: #333333;\">Cookie_acceso_codigo: Nos permite recordar su c\u00f3digo de acceso a la plataforma durante 60 minutos para que la p\u00e1gina recuerde que ya introdujo el c\u00f3digo.<\/span><\/p>\n<p><span style=\"color: #333333;\">5. DESACTIVACI\u00d3N DE COOKIES<\/span><\/p>\n<p><span style=\"color: #333333;\">El usuario podr\u00e1, en cualquier momento, elegir qu\u00e9 cookies quiere que funcionen en este sitio Web mediante la configuraci\u00f3n del navegador:<\/span><\/p>\n<p><span style=\"color: #333333;\">A) Chrome, desde <a style=\"color: #333333;\" href=\"http:\/\/support.google.com\/chrome\/bin\/answer.py?hl=es&#038;answer=95647\">http:\/\/support.google.com\/chrome\/bin\/answer.py?hl=es&#038;answer=95647<\/a> <\/span><\/p>\n<p><span style=\"color: #333333;\">B) Explorer, desde <a style=\"color: #333333;\" href=\"https:\/\/support.microsoft.com\/es-es\/help\/17442\/windows-internet-explorer-delete-manage-cookies\">https:\/\/support.microsoft.com\/es-es\/help\/17442\/windows-internet-explorer-delete-manage-cookies<\/a><\/span><\/p>\n<p><span style=\"color: #333333;\">C) Firefox, desde <a style=\"color: #333333;\" href=\"http:\/\/support.mozilla.org\/es\/kb\/habilitar-y-deshabilitar-cookies-que-los-sitios-we\">http:\/\/support.mozilla.org\/es\/kb\/habilitar-y-deshabilitar-cookies-que-los-sitios-we<\/a><\/span><\/p>\n<p><span style=\"color: #333333;\">D) Safari, desde <a style=\"color: #333333;\" href=\"http:\/\/support.apple.com\/kb\/ph5042\">http:\/\/support.apple.com\/kb\/ph5042<\/a><\/span><\/p>\n<p><span style=\"color: #333333;\">Podr\u00e1 gestionar el almac\u00e9n de cookies en su navegador a trav\u00e9s de herramientas como las siguientes:<\/span><\/p>\n<ul>\n<li><span style=\"color: #333333;\">Your online choices: <a style=\"color: #333333;\" href=\"http:\/\/www.youronlinechoices.com\/es\/\">www.youronlinechoices.com\/es\/\u00a0<\/a><\/span><\/li>\n<\/ul>\n<\/div>\n<\/div><div class=\"fusion-sep-clear\"><\/div><div class=\"fusion-separator fusion-full-width-sep\" style=\"margin-left: auto;margin-right: auto;margin-bottom:35px;width:100%;\"><\/div><div class=\"fusion-sep-clear\"><\/div><div class=\"fusion-clearfix\"><\/div><\/div><\/div><div class=\"fusion-layout-column fusion_builder_column fusion-builder-column-5 fusion_builder_column_1_6 1_6 fusion-one-sixth fusion-column-last\" style=\"--awb-bg-size:cover;width:16.666666666667%;width:calc(16.666666666667% - ( ( 4% + 4% ) * 0.16666666666667 ) );\"><div class=\"fusion-column-wrapper fusion-column-has-shadow fusion-flex-column-wrapper-legacy\"><div class=\"fusion-clearfix\"><\/div><\/div><\/div><div class=\"fusion-layout-column fusion_builder_column fusion-builder-column-6 fusion_builder_column_1_6 1_6 fusion-one-sixth fusion-column-first\" style=\"--awb-bg-size:cover;width:16.666666666667%;width:calc(16.666666666667% - ( ( 4% + 4% ) * 0.16666666666667 ) );margin-right: 4%;\"><div class=\"fusion-column-wrapper fusion-column-has-shadow fusion-flex-column-wrapper-legacy\"><div class=\"fusion-clearfix\"><\/div><\/div><\/div><div class=\"fusion-layout-column fusion_builder_column fusion-builder-column-7 fusion_builder_column_2_3 2_3 fusion-two-third\" style=\"--awb-bg-size:cover;width:66.666666666667%;width:calc(66.666666666667% - ( ( 4% + 4% ) * 0.66666666666667 ) );margin-right: 4%;\"><div class=\"fusion-column-wrapper fusion-column-has-shadow fusion-flex-column-wrapper-legacy\"><div class=\"fusion-sep-clear\"><\/div><div class=\"fusion-separator fusion-full-width-sep\" style=\"margin-left: auto;margin-right: auto;margin-bottom:40px;width:100%;\"><\/div><div class=\"fusion-sep-clear\"><\/div><div class=\"fusion-clearfix\"><\/div><\/div><\/div><div class=\"fusion-layout-column fusion_builder_column fusion-builder-column-8 fusion_builder_column_1_6 1_6 fusion-one-sixth fusion-column-last\" style=\"--awb-bg-size:cover;width:16.666666666667%;width:calc(16.666666666667% - ( ( 4% + 4% ) * 0.16666666666667 ) );\"><div class=\"fusion-column-wrapper fusion-column-has-shadow fusion-flex-column-wrapper-legacy\"><div class=\"fusion-clearfix\"><\/div><\/div><\/div><\/div><\/div><\/p>\n","protected":false},"excerpt":{"rendered":"","protected":false},"author":1,"featured_media":0,"parent":0,"menu_order":0,"comment_status":"closed","ping_status":"open","template":"100-width.php","meta":{"footnotes":""},"class_list":["post-3981","page","type-page","status-publish","hentry"],"_links":{"self":[{"href":"https:\/\/nixiforchildren.com\/es\/wp-json\/wp\/v2\/pages\/3981","targetHints":{"allow":["GET"]}}],"collection":[{"href":"https:\/\/nixiforchildren.com\/es\/wp-json\/wp\/v2\/pages"}],"about":[{"href":"https:\/\/nixiforchildren.com\/es\/wp-json\/wp\/v2\/types\/page"}],"author":[{"embeddable":true,"href":"https:\/\/nixiforchildren.com\/es\/wp-json\/wp\/v2\/users\/1"}],"replies":[{"embeddable":true,"href":"https:\/\/nixiforchildren.com\/es\/wp-json\/wp\/v2\/comments?post=3981"}],"version-history":[{"count":14,"href":"https:\/\/nixiforchildren.com\/es\/wp-json\/wp\/v2\/pages\/3981\/revisions"}],"predecessor-version":[{"id":13417,"href":"https:\/\/nixiforchildren.com\/es\/wp-json\/wp\/v2\/pages\/3981\/revisions\/13417"}],"wp:attachment":[{"href":"https:\/\/nixiforchildren.com\/es\/wp-json\/wp\/v2\/media?parent=3981"}],"curies":[{"name":"wp","href":"https:\/\/api.w.org\/{rel}","templated":true}]}}