{"id":11710,"date":"2024-09-12T22:32:17","date_gmt":"2024-09-12T20:32:17","guid":{"rendered":"https:\/\/nixiforchildren.com\/es\/?page_id=11710"},"modified":"2025-03-13T20:37:36","modified_gmt":"2025-03-13T19:37:36","slug":"culpavsresponsabilidad","status":"publish","type":"page","link":"https:\/\/nixiforchildren.com\/es\/culpavsresponsabilidad\/","title":{"rendered":"Plataforma &#8211; 5 &#8211; Culpa"},"content":{"rendered":"<p><div class=\"fusion-fullwidth fullwidth-box fusion-builder-row-1 has-pattern-background has-mask-background fusion-parallax-none hundred-percent-fullwidth non-hundred-percent-height-scrolling fusion-no-small-visibility fusion-no-medium-visibility\" style=\"--awb-border-radius-top-left:0px;--awb-border-radius-top-right:0px;--awb-border-radius-bottom-right:0px;--awb-border-radius-bottom-left:0px;--awb-margin-top:0px;--awb-margin-bottom:00px;--awb-background-color:rgba(39,53,130,0);--awb-background-image:url(&quot;https:\/\/nixiforchildren.com\/wp-content\/uploads\/2024\/09\/panell_plataforma_hermanos-700x179.png&quot;);--awb-background-size:cover;--awb-flex-wrap:wrap;\" ><div class=\"fusion-builder-row fusion-row\"><div class=\"fusion-layout-column fusion_builder_column fusion-builder-column-0 fusion_builder_column_1_5 1_5 fusion-one-fifth fusion-column-first\" style=\"--awb-bg-size:cover;width:20%;width:calc(20% - ( ( 4% + 4% ) * 0.2 ) );margin-right: 4%;\"><div class=\"fusion-column-wrapper fusion-column-has-shadow fusion-flex-column-wrapper-legacy\"><div class=\"fusion-clearfix\"><\/div><\/div><\/div><div class=\"fusion-layout-column fusion_builder_column fusion-builder-column-1 fusion_builder_column_3_5 3_5 fusion-three-fifth\" style=\"--awb-bg-size:cover;--awb-margin-top:180px;width:60%;width:calc(60% - ( ( 4% + 4% ) * 0.6 ) );margin-right: 4%;\"><div class=\"fusion-column-wrapper fusion-column-has-shadow fusion-flex-column-wrapper-legacy\"><div class=\"fusion-title title fusion-title-1 fusion-sep-none fusion-title-text fusion-title-size-one\" style=\"--awb-margin-bottom:17px;\"><h1 class=\"fusion-title-heading title-heading-left fusion-responsive-typography-calculated\" style=\"margin:0;--fontSize:80;line-height:1;\"><p style=\"text-align: center; color: #ffffff; line-height: 20px;\"><span style=\"font-size: 32px; line-height: 35px; font-weight: 400;\">Culpa vs Responsabilidad<\/span><\/p><\/h1><\/div><div class=\"fusion-text fusion-text-1\"><p style=\"text-align: center; font-size: 18px; margin-top: -10px; line-height: 32px; color: #ffffff;\">por Roger Valldosera<\/p>\n<\/div><div class=\"fusion-clearfix\"><\/div><\/div><\/div><div class=\"fusion-layout-column fusion_builder_column fusion-builder-column-2 fusion_builder_column_1_5 1_5 fusion-one-fifth fusion-column-last\" style=\"--awb-bg-size:cover;width:20%;width:calc(20% - ( ( 4% + 4% ) * 0.2 ) );\"><div class=\"fusion-column-wrapper fusion-column-has-shadow fusion-flex-column-wrapper-legacy\"><div class=\"fusion-clearfix\"><\/div><\/div><\/div><\/div><\/div><div class=\"fusion-fullwidth fullwidth-box fusion-builder-row-2 nonhundred-percent-fullwidth non-hundred-percent-height-scrolling\" style=\"--awb-border-radius-top-left:0px;--awb-border-radius-top-right:0px;--awb-border-radius-bottom-right:0px;--awb-border-radius-bottom-left:0px;--awb-flex-wrap:wrap;\" ><div class=\"fusion-builder-row fusion-row\"><div class=\"fusion-layout-column fusion_builder_column fusion-builder-column-3 fusion_builder_column_2_5 2_5 fusion-two-fifth fusion-column-first\" style=\"--awb-bg-size:cover;width:40%;width:calc(40% - ( ( 4% + 4% ) * 0.4 ) );margin-right: 4%;\"><div class=\"fusion-column-wrapper fusion-column-has-shadow fusion-flex-column-wrapper-legacy\"><div class=\"fusion-clearfix\"><\/div><\/div><\/div><div class=\"fusion-layout-column fusion_builder_column fusion-builder-column-4 fusion_builder_column_1_5 1_5 fusion-one-fifth fusion-no-small-visibility fusion-no-medium-visibility\" style=\"--awb-padding-top:20px;--awb-padding-right:20px;--awb-padding-bottom:20px;--awb-bg-size:cover;--awb-margin-bottom:5px;width:20%;width:calc(20% - ( ( 4% + 4% ) * 0.2 ) );margin-right: 4%;\"><div class=\"fusion-column-wrapper fusion-column-has-shadow fusion-flex-column-wrapper-legacy\"><div class=\"fusion-image-element in-legacy-container\" style=\"--awb-caption-title-font-family:var(--h2_typography-font-family);--awb-caption-title-font-weight:var(--h2_typography-font-weight);--awb-caption-title-font-style:var(--h2_typography-font-style);--awb-caption-title-size:var(--h2_typography-font-size);--awb-caption-title-transform:var(--h2_typography-text-transform);--awb-caption-title-line-height:var(--h2_typography-line-height);--awb-caption-title-letter-spacing:var(--h2_typography-letter-spacing);\"><span class=\" fusion-imageframe imageframe-none imageframe-1 hover-type-none\"><img decoding=\"async\" src=\"https:\/\/nixiforchildren.com\/wp-content\/uploads\/2020\/04\/icon_family_edu_1.png\" alt class=\"img-responsive\"\/><\/span><\/div><div class=\"fusion-clearfix\"><\/div><\/div><\/div><div class=\"fusion-layout-column fusion_builder_column fusion-builder-column-5 fusion_builder_column_2_5 2_5 fusion-two-fifth fusion-column-last\" style=\"--awb-bg-size:cover;width:40%;width:calc(40% - ( ( 4% + 4% ) * 0.4 ) );\"><div class=\"fusion-column-wrapper fusion-column-has-shadow fusion-flex-column-wrapper-legacy\"><div class=\"fusion-clearfix\"><\/div><\/div><\/div><div class=\"fusion-layout-column fusion_builder_column fusion-builder-column-6 fusion_builder_column_2_5 2_5 fusion-two-fifth fusion-column-first\" style=\"--awb-bg-size:cover;width:40%;width:calc(40% - ( ( 4% + 4% ) * 0.4 ) );margin-right: 4%;\"><div class=\"fusion-column-wrapper fusion-column-has-shadow fusion-flex-column-wrapper-legacy\"><div class=\"fusion-clearfix\"><\/div><\/div><\/div><div class=\"fusion-layout-column fusion_builder_column fusion-builder-column-7 fusion_builder_column_1_5 1_5 fusion-one-fifth fusion-no-large-visibility\" style=\"--awb-bg-size:cover;--awb-margin-bottom:5px;width:20%;width:calc(20% - ( ( 4% + 4% ) * 0.2 ) );margin-right: 4%;\"><div class=\"fusion-column-wrapper fusion-column-has-shadow fusion-flex-column-wrapper-legacy\"><div class=\"fusion-image-element fusion-image-align-center in-legacy-container\" style=\"text-align:center;--awb-max-width:120px;--awb-caption-title-font-family:var(--h2_typography-font-family);--awb-caption-title-font-weight:var(--h2_typography-font-weight);--awb-caption-title-font-style:var(--h2_typography-font-style);--awb-caption-title-size:var(--h2_typography-font-size);--awb-caption-title-transform:var(--h2_typography-text-transform);--awb-caption-title-line-height:var(--h2_typography-line-height);--awb-caption-title-letter-spacing:var(--h2_typography-letter-spacing);\"><div class=\"imageframe-align-center\"><span class=\" fusion-imageframe imageframe-none imageframe-2 hover-type-none\"><img decoding=\"async\" src=\"https:\/\/nixiforchildren.com\/wp-content\/uploads\/2020\/04\/icon_family_edu_1.png\" alt class=\"img-responsive\"\/><\/span><\/div><\/div><div class=\"fusion-clearfix\"><\/div><\/div><\/div><div class=\"fusion-layout-column fusion_builder_column fusion-builder-column-8 fusion_builder_column_2_5 2_5 fusion-two-fifth fusion-column-last\" style=\"--awb-bg-size:cover;width:40%;width:calc(40% - ( ( 4% + 4% ) * 0.4 ) );\"><div class=\"fusion-column-wrapper fusion-column-has-shadow fusion-flex-column-wrapper-legacy\"><div class=\"fusion-clearfix\"><\/div><\/div><\/div><div class=\"fusion-layout-column fusion_builder_column fusion-builder-column-9 fusion_builder_column_1_6 1_6 fusion-one-sixth fusion-column-first\" style=\"--awb-bg-size:cover;width:16.666666666667%;width:calc(16.666666666667% - ( ( 4% + 4% ) * 0.16666666666667 ) );margin-right: 4%;\"><div class=\"fusion-column-wrapper fusion-column-has-shadow fusion-flex-column-wrapper-legacy\"><div class=\"fusion-clearfix\"><\/div><\/div><\/div><div class=\"fusion-layout-column fusion_builder_column fusion-builder-column-10 fusion_builder_column_2_3 2_3 fusion-two-third\" style=\"--awb-bg-size:cover;width:66.666666666667%;width:calc(66.666666666667% - ( ( 4% + 4% ) * 0.66666666666667 ) );margin-right: 4%;\"><div class=\"fusion-column-wrapper fusion-column-has-shadow fusion-flex-column-wrapper-legacy\"><div class=\"fusion-text fusion-text-2\"><div class=\"O0\">Con el diagn\u00f3stico de una enfermedad a un hijo o hija, a menudo nos puede llegar a nuestra mente una serie de mensajes intrusivos como: \u00bfPodr\u00eda haber hecho algo distinto para evitar esta situaci\u00f3n?\u00bfY si hubiera estado m\u00e1s atento o atenta en esto?<\/div>\n<div class=\"O0\">\n<p><span style=\"font-weight: 400;\">Juntamente con estas u otras preguntas parecidas, <strong>un sentimiento de culpa nos aflora<\/strong>, generando as\u00ed un bloqueo que nos impide seguir con normalidad y teniendo la sensaci\u00f3n constante de autocastigo.<\/span><\/p>\n<p><br style=\"font-weight: 400;\" \/><br style=\"font-weight: 400;\" \/><\/p>\n<\/div>\n<\/div><div class=\"fusion-sep-clear\"><\/div><div class=\"fusion-separator fusion-full-width-sep\" style=\"margin-left: auto;margin-right: auto;margin-bottom:35px;width:100%;\"><\/div><div class=\"fusion-sep-clear\"><\/div><div class=\"fusion-text fusion-text-3\"><p style=\"text-align: center; padding-left: 0px; line-height: 42px; font-size: 35px;\"><span style=\"color: #c9c9c9; text-align: center;\">\u00abLa culpa nos puede paralizar, la responsabilidad nos incita a movernos y a tomar partido de ciertas situaciones.\u00bb<\/span><\/p>\n<\/div><div class=\"fusion-sep-clear\"><\/div><div class=\"fusion-separator fusion-full-width-sep\" style=\"margin-left: auto;margin-right: auto;margin-bottom:35px;width:100%;\"><\/div><div class=\"fusion-sep-clear\"><\/div><div class=\"fusion-text fusion-text-4\"><div class=\"O0\">\n<p><span style=\"font-weight: 400;\">Lo que puede ayudar en muchos de estos momentos es no incrementar y perpetuar este sentimiento de culpa y sustituirlo por un sentimiento de responsabilidad. Criar a un ni\u00f1o o ni\u00f1a es un proceso vivo, lleno de altibajos y sobre todo un fen\u00f3meno que requiere de nuestra responsabilidad individual y colectiva como pareja, comunidad y sociedad.\u00a0<\/span><\/p>\n<p><span style=\"font-weight: 400;\">Y repito la palabra responsabilidad compartida porque no, no podemos responsabilizarnos de todo lo que diga, haga o le ocurra a nuestro hijo o hija. Debemos tener claro en qu\u00e9 parcelas somos agentes protagonistas en la vida y desarrollo de nuestros hijos e hijas pero tambi\u00e9n en cuales jugamos un papel m\u00e1s secundario y la responsabilidad es de los agentes que, en ese momento, sean los protagonistas.\u00a0<\/span><\/p>\n<p><span style=\"font-weight: 400;\">Puede resultar f\u00e1cil de escribir y dif\u00edcil de ejecutar pero, <\/span><b>\u00bftengo que ser siempre responsable de que mi hija se tome siempre la medicaci\u00f3n o que siga unos consejos determinados debido a su situaci\u00f3n?<\/b><span style=\"font-weight: 400;\">\u00a0<\/span><\/p>\n<p><span style=\"font-weight: 400;\">Mi responsabilidad es explic\u00e1rselo y encontrar mecanismos y herramientos para que esos mensajes lleguen de manera satisfactoria y entendible a su cabeza, pero no podr\u00e9 siempre recordarle la medicaci\u00f3n o traerle en el momento todo aquello que pueda necesitar, por lo que, poco a poco, y si el primer paso de explicar lo hemos hecho a conciencia, tendremos que confiar en sus capacidades pues al final ser\u00e1 ella quien conviva con la enfermedad o la situaci\u00f3n que tenga en ese momento.\u00a0<\/span><\/p>\n<p><span style=\"font-weight: 400;\">Estas din\u00e1micas fortalecen el v\u00ednculo con uno mismo y entre progenitores e hijos, pues por un lado ayuda a que los padres y madres puedan prestarle atenci\u00f3n a aquellas cosas y que s\u00ed que lo precisan y por otro lado aumenta la autonom\u00eda de ni\u00f1os y adolescentes. No hay cosa que frustre m\u00e1s a un ni\u00f1o o ni\u00f1a que sus progenitores decidan por \u00e9l o por ella y que no le dejen responsabilizarse de sus cosas.\u00a0<\/span><\/p>\n<p><b>Importancia de la comunidad<\/b><\/p>\n<p><span style=\"font-weight: 400;\">Tal y como venimos hablando, esta responsabilidad es nuestra como padres y madres pero tenemos que saber poner l\u00edmites y entender hasta d\u00f3nde podemos llegar y hasta qu\u00e9 punto puede llegar a ser contraproducente para nuestros hijos e hijas.\u00a0<\/span><\/p>\n<p><span style=\"font-weight: 400;\">Cada vez m\u00e1s aprendemos actitudes y acciones individualistas de una sociedad que no nos permite mostrar vulnerabilidad y aceptar que, como padres, madres y personas, tenemos miedos y no sabemos de todo. Podemos aceptar que no tenemos una varita m\u00e1gica y que es sano poder pedir ayuda y poder apoyarnos en los nuestros y tambi\u00e9n en otras personas y comunidades que est\u00e9n o hayan pasado por los mismos momentos que nosotros y nosotras.\u00a0<\/span><\/p>\n<p><span style=\"font-weight: 400;\">A modo de cierre, me gustar\u00eda que la sensaci\u00f3n que predominase fuera la de alivio, responsabilidad y motivaci\u00f3n. Alivio porque nadie tiene un libro de instrucciones sobre c\u00f3mo ser el mejor padre o madre, pues esto no depende solo de vosotros, sin\u00f3 tambi\u00e9n de vuestro hijo o hija y de vuestro n\u00facleo familiar. Responsabilidad porque es lo que nos mueve a mejorar en la crianza y motivaci\u00f3n porque la crianza es un proceso de acompa\u00f1amiento.<\/span><br style=\"font-weight: 400;\" \/><br style=\"font-weight: 400;\" \/><br style=\"font-weight: 400;\" \/><\/p>\n<\/div>\n<\/div><div class=\"fusion-sep-clear\"><\/div><div class=\"fusion-separator fusion-full-width-sep\" style=\"margin-left: auto;margin-right: auto;margin-bottom:18px;width:100%;\"><\/div><div class=\"fusion-sep-clear\"><\/div><div class=\"fusion-text fusion-text-5\"><p style=\"text-align: center; padding-left: 0px; line-height: 42px; font-size: 35px;\"><span style=\"color: #c9c9c9; text-align: center;\">\u00ab&#8230;el v\u00ednculo intrafamiliar siempre est\u00e1 en construcci\u00f3n y estos momentos tambi\u00e9n se comparte uni\u00f3n, sinceridad y apoyo\u00bb<\/span><\/p>\n<\/div><div class=\"fusion-sep-clear\"><\/div><div class=\"fusion-separator fusion-full-width-sep\" style=\"margin-left: auto;margin-right: auto;margin-bottom:35px;width:100%;\"><\/div><div class=\"fusion-sep-clear\"><\/div><div class=\"fusion-clearfix\"><\/div><\/div><\/div><div class=\"fusion-layout-column fusion_builder_column fusion-builder-column-11 fusion_builder_column_1_6 1_6 fusion-one-sixth fusion-column-last\" style=\"--awb-bg-size:cover;width:16.666666666667%;width:calc(16.666666666667% - ( ( 4% + 4% ) * 0.16666666666667 ) );\"><div class=\"fusion-column-wrapper fusion-column-has-shadow fusion-flex-column-wrapper-legacy\"><div class=\"fusion-clearfix\"><\/div><\/div><\/div><div class=\"fusion-layout-column fusion_builder_column fusion-builder-column-12 fusion_builder_column_1_6 1_6 fusion-one-sixth fusion-column-first\" style=\"--awb-bg-size:cover;width:16.666666666667%;width:calc(16.666666666667% - ( ( 4% + 4% ) * 0.16666666666667 ) );margin-right: 4%;\"><div class=\"fusion-column-wrapper fusion-column-has-shadow fusion-flex-column-wrapper-legacy\"><div class=\"fusion-clearfix\"><\/div><\/div><\/div><div class=\"fusion-layout-column fusion_builder_column fusion-builder-column-13 fusion_builder_column_2_3 2_3 fusion-two-third\" style=\"--awb-bg-size:cover;width:66.666666666667%;width:calc(66.666666666667% - ( ( 4% + 4% ) * 0.66666666666667 ) );margin-right: 4%;\"><div class=\"fusion-column-wrapper fusion-column-has-shadow fusion-flex-column-wrapper-legacy\"><div class=\"fusion-sep-clear\"><\/div><div class=\"fusion-separator fusion-full-width-sep\" style=\"margin-left: auto;margin-right: auto;margin-bottom:40px;width:100%;\"><\/div><div class=\"fusion-sep-clear\"><\/div><div class=\"fusion-clearfix\"><\/div><\/div><\/div><div class=\"fusion-layout-column fusion_builder_column fusion-builder-column-14 fusion_builder_column_1_6 1_6 fusion-one-sixth fusion-column-last\" style=\"--awb-bg-size:cover;width:16.666666666667%;width:calc(16.666666666667% - ( ( 4% + 4% ) * 0.16666666666667 ) );\"><div class=\"fusion-column-wrapper fusion-column-has-shadow fusion-flex-column-wrapper-legacy\"><div class=\"fusion-clearfix\"><\/div><\/div><\/div><\/div><\/div><div class=\"fusion-fullwidth fullwidth-box fusion-builder-row-3 nonhundred-percent-fullwidth non-hundred-percent-height-scrolling fusion-no-small-visibility fusion-no-medium-visibility\" style=\"--awb-border-radius-top-left:0px;--awb-border-radius-top-right:0px;--awb-border-radius-bottom-right:0px;--awb-border-radius-bottom-left:0px;--awb-margin-top:100px;--awb-margin-bottom:50px;--awb-flex-wrap:wrap;\" ><div class=\"fusion-builder-row fusion-row\"><div class=\"fusion-layout-column fusion_builder_column fusion-builder-column-15 fusion_builder_column_1_6 1_6 fusion-one-sixth fusion-column-first\" style=\"--awb-bg-size:cover;width:16.666666666667%;width:calc(16.666666666667% - ( ( 4% + 4% + 4% ) * 0.16666666666667 ) );margin-right: 4%;\"><div class=\"fusion-column-wrapper fusion-column-has-shadow fusion-flex-column-wrapper-legacy\"><div class=\"fusion-clearfix\"><\/div><\/div><\/div><div class=\"fusion-layout-column fusion_builder_column fusion-builder-column-16 fusion_builder_column_1_6 1_6 fusion-one-sixth fusion-column-inner-bg-wrapper\" style=\"--awb-inner-bg-size:cover;--awb-margin-top:-47px;width:16.666666666667%;width:calc(16.666666666667% - ( ( 4% + 4% + 4% ) * 0.16666666666667 ) );margin-right: 4%;\"><span class=\"fusion-column-inner-bg hover-type-none\"><a class=\"fusion-column-anchor\" href=\"http:\/\/www.nixiforchildren.com\/verenadelvalle\"><span class=\"fusion-column-inner-bg-image\"><\/span><\/a><\/span><div class=\"fusion-column-wrapper fusion-column-has-shadow fusion-flex-column-wrapper-legacy\"><div class=\"fusion-image-element in-legacy-container\" style=\"--awb-caption-title-font-family:var(--h2_typography-font-family);--awb-caption-title-font-weight:var(--h2_typography-font-weight);--awb-caption-title-font-style:var(--h2_typography-font-style);--awb-caption-title-size:var(--h2_typography-font-size);--awb-caption-title-transform:var(--h2_typography-text-transform);--awb-caption-title-line-height:var(--h2_typography-line-height);--awb-caption-title-letter-spacing:var(--h2_typography-letter-spacing);\"><span class=\" fusion-imageframe imageframe-none imageframe-3 hover-type-none\"><a class=\"fusion-no-lightbox\" href=\"https:\/\/www.linkedin.com\/in\/rogervalldosera\/\" target=\"_self\" aria-label=\"roger_PROFILE_1\"><img decoding=\"async\" width=\"394\" height=\"394\" src=\"https:\/\/nixiforchildren.com\/wp-content\/uploads\/2024\/09\/roger_PROFILE_1.png\" alt class=\"img-responsive wp-image-11672\" srcset=\"https:\/\/nixiforchildren.com\/wp-content\/uploads\/2024\/09\/roger_PROFILE_1-200x200.png 200w, https:\/\/nixiforchildren.com\/wp-content\/uploads\/2024\/09\/roger_PROFILE_1.png 394w\" sizes=\"(max-width: 1000px) 100vw, 200px\" \/><\/a><\/span><\/div><div class=\"fusion-clearfix\"><\/div><\/div><\/div><div class=\"fusion-layout-column fusion_builder_column fusion-builder-column-17 fusion_builder_column_1_2 1_2 fusion-one-half fusion-column-inner-bg-wrapper\" style=\"--awb-padding-right:-40px;--awb-inner-bg-size:cover;--awb-margin-top:-50px;width:50%;width:calc(50% - ( ( 4% + 4% + 4% ) * 0.5 ) );margin-right: 4%;\"><span class=\"fusion-column-inner-bg hover-type-none\"><a class=\"fusion-column-anchor\" href=\"http:\/\/www.nixiforchildren.com\/verenadelvalle\"><span class=\"fusion-column-inner-bg-image\"><\/span><\/a><\/span><div class=\"fusion-column-wrapper fusion-column-has-shadow fusion-flex-column-wrapper-legacy\"><div class=\"fusion-title title fusion-title-2 fusion-sep-none fusion-title-text fusion-title-size-one\" style=\"--awb-margin-bottom:17px;\"><h1 class=\"fusion-title-heading title-heading-left fusion-responsive-typography-calculated\" style=\"margin:0;--fontSize:80;line-height:1;\"><p style=\"color: #ffffff; line-height: 20px; text-align: left;\"><a href=\"\/verenadelvalle\"><span style=\"color: #333333; font-size: 25px; line-height: 32px; font-weight: 400;\">Roger Valldosera<\/span><\/a><\/p><\/h1><\/div><div class=\"fusion-text fusion-text-6\"><p style=\"font-size: 15px; margin-top: -20px; line-height: 32px; text-align: left;\">Pedagogo especializado en familia<\/p>\n<\/div><div class=\"fusion-clearfix\"><\/div><\/div><\/div><div class=\"fusion-layout-column fusion_builder_column fusion-builder-column-18 fusion_builder_column_1_6 1_6 fusion-one-sixth fusion-column-last\" style=\"--awb-bg-size:cover;width:16.666666666667%;width:calc(16.666666666667% - ( ( 4% + 4% + 4% ) * 0.16666666666667 ) );\"><div class=\"fusion-column-wrapper fusion-column-has-shadow fusion-flex-column-wrapper-legacy\"><div class=\"fusion-clearfix\"><\/div><\/div><\/div><\/div><\/div><div class=\"fusion-fullwidth fullwidth-box fusion-builder-row-4 nonhundred-percent-fullwidth non-hundred-percent-height-scrolling fusion-no-large-visibility\" style=\"--awb-border-radius-top-left:0px;--awb-border-radius-top-right:0px;--awb-border-radius-bottom-right:0px;--awb-border-radius-bottom-left:0px;--awb-margin-top:20px;--awb-margin-bottom:0px;--awb-flex-wrap:wrap;\" ><div class=\"fusion-builder-row fusion-row\"><div class=\"fusion-layout-column fusion_builder_column fusion-builder-column-19 fusion_builder_column_1_4 1_4 fusion-one-fourth fusion-column-first\" style=\"--awb-bg-size:cover;width:25%;width:calc(25% - ( ( 4% + 4% ) * 0.25 ) );margin-right: 4%;\"><div class=\"fusion-column-wrapper fusion-column-has-shadow fusion-flex-column-wrapper-legacy\"><div class=\"fusion-clearfix\"><\/div><\/div><\/div><div class=\"fusion-layout-column fusion_builder_column fusion-builder-column-20 fusion_builder_column_1_2 1_2 fusion-one-half fusion-column-inner-bg-wrapper\" style=\"--awb-padding-right:-40px;--awb-inner-bg-size:cover;--awb-margin-top:-50px;width:50%;width:calc(50% - ( ( 4% + 4% ) * 0.5 ) );margin-right: 4%;\"><span class=\"fusion-column-inner-bg hover-type-none\"><a class=\"fusion-column-anchor\" href=\"http:\/\/www.nixiforchildren.com\/verenadelvalle\"><span class=\"fusion-column-inner-bg-image\"><\/span><\/a><\/span><div class=\"fusion-column-wrapper fusion-column-has-shadow fusion-flex-column-wrapper-legacy\"><div class=\"fusion-image-element fusion-image-align-center in-legacy-container\" style=\"text-align:center;--awb-max-width:120px;--awb-caption-title-font-family:var(--h2_typography-font-family);--awb-caption-title-font-weight:var(--h2_typography-font-weight);--awb-caption-title-font-style:var(--h2_typography-font-style);--awb-caption-title-size:var(--h2_typography-font-size);--awb-caption-title-transform:var(--h2_typography-text-transform);--awb-caption-title-line-height:var(--h2_typography-line-height);--awb-caption-title-letter-spacing:var(--h2_typography-letter-spacing);\"><div class=\"imageframe-align-center\"><span class=\" fusion-imageframe imageframe-none imageframe-4 hover-type-none\"><a class=\"fusion-no-lightbox\" href=\"https:\/\/www.linkedin.com\/in\/rogervalldosera\/\" target=\"_self\" aria-label=\"roger_PROFILE_1\"><img decoding=\"async\" width=\"394\" height=\"394\" src=\"https:\/\/nixiforchildren.com\/wp-content\/uploads\/2024\/09\/roger_PROFILE_1.png\" alt class=\"img-responsive wp-image-11672\" srcset=\"https:\/\/nixiforchildren.com\/wp-content\/uploads\/2024\/09\/roger_PROFILE_1-200x200.png 200w, https:\/\/nixiforchildren.com\/wp-content\/uploads\/2024\/09\/roger_PROFILE_1.png 394w\" sizes=\"(max-width: 1000px) 100vw, 394px\" \/><\/a><\/span><\/div><\/div><div class=\"fusion-sep-clear\"><\/div><div class=\"fusion-separator fusion-full-width-sep\" style=\"margin-left: auto;margin-right: auto;margin-bottom:15px;width:100%;\"><\/div><div class=\"fusion-sep-clear\"><\/div><div class=\"fusion-title title fusion-title-3 fusion-sep-none fusion-title-text fusion-title-size-one\" style=\"--awb-margin-bottom:17px;\"><h1 class=\"fusion-title-heading title-heading-left fusion-responsive-typography-calculated\" style=\"margin:0;--fontSize:80;line-height:1;\"><p style=\"color: #ffffff; line-height: 20px; text-align: center;\"><span style=\"color: #333333; font-size: 25px; line-height: 32px; font-weight: 400;\">Roger Valldosera<\/span><\/p><\/h1><\/div><div class=\"fusion-text fusion-text-7\"><p style=\"font-size: 15px; margin-top: -20px; line-height: 32px; text-align: center;\"><strong>Pedagogo especializado en familia<\/strong><\/p>\n<\/div><div class=\"fusion-clearfix\"><\/div><\/div><\/div><div class=\"fusion-layout-column fusion_builder_column fusion-builder-column-21 fusion_builder_column_1_4 1_4 fusion-one-fourth fusion-column-last\" style=\"--awb-bg-size:cover;width:25%;width:calc(25% - ( ( 4% + 4% ) * 0.25 ) );\"><div class=\"fusion-column-wrapper fusion-column-has-shadow fusion-flex-column-wrapper-legacy\"><div class=\"fusion-clearfix\"><\/div><\/div><\/div><\/div><\/div><\/p>\n","protected":false},"excerpt":{"rendered":"","protected":false},"author":4,"featured_media":0,"parent":0,"menu_order":0,"comment_status":"closed","ping_status":"open","template":"100-width.php","meta":{"footnotes":""},"class_list":["post-11710","page","type-page","status-publish","hentry"],"_links":{"self":[{"href":"https:\/\/nixiforchildren.com\/es\/wp-json\/wp\/v2\/pages\/11710","targetHints":{"allow":["GET"]}}],"collection":[{"href":"https:\/\/nixiforchildren.com\/es\/wp-json\/wp\/v2\/pages"}],"about":[{"href":"https:\/\/nixiforchildren.com\/es\/wp-json\/wp\/v2\/types\/page"}],"author":[{"embeddable":true,"href":"https:\/\/nixiforchildren.com\/es\/wp-json\/wp\/v2\/users\/4"}],"replies":[{"embeddable":true,"href":"https:\/\/nixiforchildren.com\/es\/wp-json\/wp\/v2\/comments?post=11710"}],"version-history":[{"count":10,"href":"https:\/\/nixiforchildren.com\/es\/wp-json\/wp\/v2\/pages\/11710\/revisions"}],"predecessor-version":[{"id":12847,"href":"https:\/\/nixiforchildren.com\/es\/wp-json\/wp\/v2\/pages\/11710\/revisions\/12847"}],"wp:attachment":[{"href":"https:\/\/nixiforchildren.com\/es\/wp-json\/wp\/v2\/media?parent=11710"}],"curies":[{"name":"wp","href":"https:\/\/api.w.org\/{rel}","templated":true}]}}