{"id":12038,"date":"2024-11-29T10:46:50","date_gmt":"2024-11-29T09:46:50","guid":{"rendered":"https:\/\/nixiforchildren.com\/ca\/?page_id=12038"},"modified":"2025-03-13T20:33:05","modified_gmt":"2025-03-13T19:33:05","slug":"nixiworld-credits","status":"publish","type":"page","link":"https:\/\/nixiforchildren.com\/en\/nixiworld-credits\/","title":{"rendered":"NIXI WORLD &#8211; CREDITS"},"content":{"rendered":"<p><div class=\"fusion-fullwidth fullwidth-box fusion-builder-row-1 has-pattern-background has-mask-background fusion-parallax-none hundred-percent-fullwidth non-hundred-percent-height-scrolling fusion-no-small-visibility fusion-no-medium-visibility\" style=\"--awb-border-radius-top-left:0px;--awb-border-radius-top-right:0px;--awb-border-radius-bottom-right:0px;--awb-border-radius-bottom-left:0px;--awb-margin-top:0px;--awb-margin-bottom:00px;--awb-background-color:rgba(39,53,130,0);--awb-background-image:url(&quot;https:\/\/nixiforchildren.com\/wp-content\/uploads\/2024\/09\/panell_plataforma_hermanos-700x179.png&quot;);--awb-background-size:cover;--awb-flex-wrap:wrap;\" ><div class=\"fusion-builder-row fusion-row\"><div class=\"fusion-layout-column fusion_builder_column fusion-builder-column-0 fusion_builder_column_1_5 1_5 fusion-one-fifth fusion-column-first\" style=\"--awb-bg-size:cover;width:20%;width:calc(20% - ( ( 4% + 4% ) * 0.2 ) );margin-right: 4%;\"><div class=\"fusion-column-wrapper fusion-column-has-shadow fusion-flex-column-wrapper-legacy\"><div class=\"fusion-clearfix\"><\/div><\/div><\/div><div class=\"fusion-layout-column fusion_builder_column fusion-builder-column-1 fusion_builder_column_3_5 3_5 fusion-three-fifth\" style=\"--awb-bg-size:cover;--awb-margin-top:180px;width:60%;width:calc(60% - ( ( 4% + 4% ) * 0.6 ) );margin-right: 4%;\"><div class=\"fusion-column-wrapper fusion-column-has-shadow fusion-flex-column-wrapper-legacy\"><div class=\"fusion-title title fusion-title-1 fusion-sep-none fusion-title-text fusion-title-size-one\" style=\"--awb-margin-bottom:17px;\"><h1 class=\"fusion-title-heading title-heading-left fusion-responsive-typography-calculated\" style=\"margin:0;--fontSize:80;line-height:1;\"><p style=\"text-align: center; color: #ffffff; line-height: 20px;\"><span style=\"font-size: 32px; line-height: 35px; font-weight: 400;\">Nixi World &#8211; Credits<\/span><\/p><\/h1><\/div><div class=\"fusion-clearfix\"><\/div><\/div><\/div><div class=\"fusion-layout-column fusion_builder_column fusion-builder-column-2 fusion_builder_column_1_5 1_5 fusion-one-fifth fusion-column-last\" style=\"--awb-bg-size:cover;width:20%;width:calc(20% - ( ( 4% + 4% ) * 0.2 ) );\"><div class=\"fusion-column-wrapper fusion-column-has-shadow fusion-flex-column-wrapper-legacy\"><div class=\"fusion-clearfix\"><\/div><\/div><\/div><\/div><\/div><div class=\"fusion-fullwidth fullwidth-box fusion-builder-row-2 has-pattern-background has-mask-background fusion-parallax-none hundred-percent-fullwidth non-hundred-percent-height-scrolling fusion-no-large-visibility\" style=\"--awb-border-radius-top-left:0px;--awb-border-radius-top-right:0px;--awb-border-radius-bottom-right:0px;--awb-border-radius-bottom-left:0px;--awb-margin-top:0px;--awb-margin-bottom:00px;--awb-background-color:rgba(39,53,130,0);--awb-background-image:url(&quot;https:\/\/nixiforchildren.com\/wp-content\/uploads\/2024\/09\/panell_plataforma_hermanos-700x179.png&quot;);--awb-background-size:cover;--awb-flex-wrap:wrap;\" ><div class=\"fusion-builder-row fusion-row\"><div class=\"fusion-layout-column fusion_builder_column fusion-builder-column-3 fusion_builder_column_1_5 1_5 fusion-one-fifth fusion-column-first\" style=\"--awb-bg-size:cover;width:20%;width:calc(20% - ( ( 4% + 4% ) * 0.2 ) );margin-right: 4%;\"><div class=\"fusion-column-wrapper fusion-column-has-shadow fusion-flex-column-wrapper-legacy\"><div class=\"fusion-clearfix\"><\/div><\/div><\/div><div class=\"fusion-layout-column fusion_builder_column fusion-builder-column-4 fusion_builder_column_3_5 3_5 fusion-three-fifth\" style=\"--awb-bg-size:cover;--awb-margin-top:80px;--awb-margin-bottom:10px;width:60%;width:calc(60% - ( ( 4% + 4% ) * 0.6 ) );margin-right: 4%;\"><div class=\"fusion-column-wrapper fusion-column-has-shadow fusion-flex-column-wrapper-legacy\"><div class=\"fusion-title title fusion-title-2 fusion-sep-none fusion-title-text fusion-title-size-one\" style=\"--awb-margin-bottom:17px;\"><h1 class=\"fusion-title-heading title-heading-left fusion-responsive-typography-calculated\" style=\"margin:0;--fontSize:80;line-height:1;\"><p style=\"text-align: center; color: #ffffff; line-height: 20px;\"><span style=\"font-size: 32px; line-height: 35px; font-weight: 400;\">Nixi World &#8211; Credits<\/span><\/p><\/h1><\/div><div class=\"fusion-clearfix\"><\/div><\/div><\/div><div class=\"fusion-layout-column fusion_builder_column fusion-builder-column-5 fusion_builder_column_1_5 1_5 fusion-one-fifth fusion-column-last\" style=\"--awb-bg-size:cover;width:20%;width:calc(20% - ( ( 4% + 4% ) * 0.2 ) );\"><div class=\"fusion-column-wrapper fusion-column-has-shadow fusion-flex-column-wrapper-legacy\"><div class=\"fusion-clearfix\"><\/div><\/div><\/div><\/div><\/div><div class=\"fusion-fullwidth fullwidth-box fusion-builder-row-3 nonhundred-percent-fullwidth non-hundred-percent-height-scrolling\" style=\"--awb-border-radius-top-left:0px;--awb-border-radius-top-right:0px;--awb-border-radius-bottom-right:0px;--awb-border-radius-bottom-left:0px;--awb-flex-wrap:wrap;\" ><div class=\"fusion-builder-row fusion-row\"><div class=\"fusion-layout-column fusion_builder_column fusion-builder-column-6 fusion_builder_column_1_6 1_6 fusion-one-sixth fusion-column-first\" style=\"--awb-bg-size:cover;width:16.666666666667%;width:calc(16.666666666667% - ( ( 4% + 4% ) * 0.16666666666667 ) );margin-right: 4%;\"><div class=\"fusion-column-wrapper fusion-column-has-shadow fusion-flex-column-wrapper-legacy\"><div class=\"fusion-clearfix\"><\/div><\/div><\/div><div class=\"fusion-layout-column fusion_builder_column fusion-builder-column-7 fusion_builder_column_2_3 2_3 fusion-two-third\" style=\"--awb-bg-size:cover;width:66.666666666667%;width:calc(66.666666666667% - ( ( 4% + 4% ) * 0.66666666666667 ) );margin-right: 4%;\"><div class=\"fusion-column-wrapper fusion-column-has-shadow fusion-flex-column-wrapper-legacy\"><div class=\"fusion-sep-clear\"><\/div><div class=\"fusion-separator fusion-full-width-sep\" style=\"margin-left: auto;margin-right: auto;margin-bottom:35px;width:100%;\"><\/div><div class=\"fusion-sep-clear\"><\/div><div class=\"fusion-text fusion-text-1\"><div><\/div>\n<div class=\"O0\">\n<ul>\n<li style=\"font-weight: 400;\" aria-level=\"1\"><b>Voz personajes:<\/b><span style=\"font-weight: 400;\"> Akane Soto, Miguka,<\/span> \u00c1ngel.<\/li>\n<li style=\"font-weight: 400;\" aria-level=\"1\"><b>Animaci\u00f3n:<\/b><span style=\"font-weight: 400;\"> Carlota Vilanova y Paula L\u00f3pez,\u00a0<\/span><\/li>\n<li style=\"font-weight: 400;\" aria-level=\"1\"><b>Modelaje 3D: <\/b><span style=\"font-weight: 400;\">Ana Vilca, Toni Parejo, Nabil Atieh, Paula Batlle, Jet Alcaraz, Pol Dom\u00e8nec y David Gonzalo.<\/span><\/li>\n<li style=\"font-weight: 400;\" aria-level=\"1\"><b>Creaci\u00f3n y Direcci\u00f3n:<\/b><span style=\"font-weight: 400;\"> Jordi Farriol y Mireia Prun\u00e9s.<\/span><\/li>\n<li style=\"font-weight: 400;\" aria-level=\"1\"><b>Historia Original: <\/b><span style=\"font-weight: 400;\">Mireia Prun\u00e9s.<\/span><\/li>\n<li style=\"font-weight: 400;\" aria-level=\"1\"><b>Producci\u00f3n: <\/b><span style=\"font-weight: 400;\">Tom\u00e0s L\u00f3bez.\u00a0<\/span><\/li>\n<li style=\"font-weight: 400;\" aria-level=\"1\"><b>Gr\u00e1ficos: <\/b><span style=\"font-weight: 400;\">Jordi Farriol, Lara Hernansanz, y Lara Salom.\u00a0<\/span><\/li>\n<li style=\"font-weight: 400;\" aria-level=\"1\"><b>Fondos:<\/b><span style=\"font-weight: 400;\"> Lara Salom, Alex Torras, Ana Mar\u00eda.<\/span><\/li>\n<li style=\"font-weight: 400;\" aria-level=\"1\"><b>Colaboraci\u00f3n: <\/b><span style=\"font-weight: 400;\">Paulina Perez-Duarte y Elena Bartomeu.\u00a0<\/span><\/li>\n<li style=\"font-weight: 400;\" aria-level=\"1\"><b>Child Life: <\/b><span style=\"font-weight: 400;\">S\u00f2nia Tordera\u00a0<\/span><\/li>\n<li style=\"font-weight: 400;\" aria-level=\"1\"><b>Personal Sanitario:<\/b><span style=\"font-weight: 400;\"> Concepci\u00f3n Agustin, Valle, Doctora Marta Ram\u00f3n y Doctora Monserrat Amat, Antonio Freire.\u00a0<\/span><\/li>\n<li style=\"font-weight: 400;\" aria-level=\"1\"><b>M\u00fasica:\u00a0<\/b><\/li>\n<li><b>Desarrollo:<\/b> <span style=\"font-weight: 400;\">Straturn\u00a0<\/span><\/li>\n<\/ul>\n<p><b>INFORMACI\u00d3N PARA ADULTOS &#8211; INFUSIONES:<\/b><\/p>\n<ul>\n<li aria-level=\"1\"><b>Check-In Infusiones:\u00a0<\/b><\/li>\n<\/ul>\n<p><span style=\"font-weight: 400;\">PMH: Cuidar con Excelencia (s\/f) \u201cLa terapia de infusi\u00f3n. Breve Historia.\u201d [PMH: Productos M\u00e9dicos Hospitalarios] Visto en 2023, 2 octubre en: <\/span><a href=\"https:\/\/www.pmh.com.es\/blog\/noticias-1\/la-terapia-de-infusion-5#:~:text=La%20terapia%20de%20infusi%C3%B3n%20es,a%20lo%20largo%20del%20tiempo\"><span style=\"font-weight: 400;\">https:\/\/www.pmh.com.es\/blog\/noticias-1\/la-terapia-de-infusion-5#:~:text=La%20terapia%20de%20infusi%C3%B3n%20es,a%20lo%20largo%20del%20tiempo<\/span><\/a><span style=\"font-weight: 400;\">.\u00a0<\/span><\/p>\n<p><span style=\"font-weight: 400;\">Enfermer\u00eda Aires (2022, 5 de mayo) \u201c\u00bfC\u00f3mo programar una bomba de infusi\u00f3n?\u201d [Enfermer\u00edaBuenosAires.com] Visto en 2023, 2 octubre en: .<\/span><a href=\"https:\/\/enfermeriabuenosaires.com\/como-programar-una-bomba-de-infusion\/\"><span style=\"font-weight: 400;\">https:\/\/enfermeriabuenosaires.com\/como-programar-una-bomba-de-infusion\/<\/span><\/a><span style=\"font-weight: 400;\">\u00a0\u00a0<\/span><\/p>\n<ul>\n<li aria-level=\"1\"><b>Planeta 06:\u00a0<\/b><\/li>\n<\/ul>\n<p><i><span style=\"font-weight: 400;\">Banco de Preguntas Preevid. \u201cLimpieza de los puertos de acceso en cat\u00e9ter venoso central\u201d [Murciasalud]. <\/span><\/i><span style=\"font-weight: 400;\">Visto en 2023, 2 octubre en:\u00a0 <\/span><a href=\"https:\/\/www.murciasalud.es\/preevid\/24825\"><span style=\"font-weight: 400;\">https:\/\/www.murciasalud.es\/preevid\/24825<\/span><\/a><span style=\"font-weight: 400;\">\u00a0<\/span><\/p>\n<p><span style=\"font-weight: 400;\">Colaboradores de Wikipedia.\u00a0 (2023, 10 septiembre) \u201cTerapia Intravenosa\u201d [Wikipedia. La enciclopedia libre] Visto en 2023, 2 octubre en: <\/span><a href=\"https:\/\/es.wikipedia.org\/wiki\/Terapia_intravenosa#:~:text=En%201853%2C%20Alexander%20Wood%20ser%C3%ADa,jeringa%2C%20precursora%20de%20las%20actuales\"><span style=\"font-weight: 400;\">https:\/\/es.wikipedia.org\/wiki\/Terapia_intravenosa#:~:text=En%201853%2C%20Alexander%20Wood%20ser%C3%ADa,jeringa%2C%20precursora%20de%20las%20actuales<\/span><\/a><span style=\"font-weight: 400;\">.\u00a0<\/span><\/p>\n<p><span style=\"font-weight: 400;\">PMH: Cuidar con Excelencia (s\/f) \u201cLa terapia de infusi\u00f3n. Breve Historia.\u201d [PMH: Productos M\u00e9dicos Hospitalarios] Visto en 2023, 2 octubre en: <\/span><a href=\"https:\/\/www.pmh.com.es\/blog\/noticias-1\/la-terapia-de-infusion-5#:~:text=La%20terapia%20de%20infusi%C3%B3n%20es,a%20lo%20largo%20del%20tiempo\"><span style=\"font-weight: 400;\">https:\/\/www.pmh.com.es\/blog\/noticias-1\/la-terapia-de-infusion-5#:~:text=La%20terapia%20de%20infusi%C3%B3n%20es,a%20lo%20largo%20del%20tiempo<\/span><\/a><span style=\"font-weight: 400;\">.\u00a0<\/span><\/p>\n<p><span style=\"font-weight: 400;\">Enfermer\u00eda Aires (2022, 5 de mayo) \u201c\u00bfC\u00f3mo programar una bomba de infusi\u00f3n?\u201d [Enfermer\u00edaBuenosAires.com] Visto en 2023, 2 octubre en: .<\/span><a href=\"https:\/\/enfermeriabuenosaires.com\/como-programar-una-bomba-de-infusion\/\"><span style=\"font-weight: 400;\">https:\/\/enfermeriabuenosaires.com\/como-programar-una-bomba-de-infusion\/<\/span><\/a><span style=\"font-weight: 400;\">\u00a0\u00a0<\/span><\/p>\n<p><b>INFORMACI\u00d3N PARA ADULTOS &#8211; HORMONA DE CRECIMIENTO:<\/b><\/p>\n<ul>\n<li aria-level=\"1\"><b>Check-In Hormona:\u00a0<\/b><\/li>\n<\/ul>\n<p><span style=\"font-weight: 400;\">Surepal (s\/f). \u201cC\u00f3mo usar SurePalTM\u201d [Surepal.com]. Visto en 2023, 23 septiembre en: <\/span><a href=\"https:\/\/www.surepal.com\/es\/how-to-use-surepaltm\/\"><span style=\"font-weight: 400;\">https:\/\/www.surepal.com\/es\/how-to-use-surepaltm\/<\/span><\/a><\/p>\n<ul>\n<li aria-level=\"1\"><b>Planeta 04:\u00a0<\/b><\/li>\n<\/ul>\n<p><span style=\"font-weight: 400;\">Pozo Rom\u00e1n, Jes\u00fas (2014, 12 mayo). \u201cCrecimiento en los ni\u00f1os\u201d [EnFam\u00edliaAEP.es]. Visto en 2023, 27 septiembre en: <\/span><a href=\"https:\/\/enfamilia.aeped.es\/edades-etapas\/crecimiento-en-ninos#:~:text=La%20hormona%20de%20crecimiento%20se,primeras%20horas%20del%20sue%C3%B1o%20nocturno\"><span style=\"font-weight: 400;\">https:\/\/enfamilia.aeped.es\/edades-etapas\/crecimiento-en-ninos#:~:text=La%20hormona%20de%20crecimiento%20se,primeras%20horas%20del%20sue%C3%B1o%20nocturno<\/span><\/a><span style=\"font-weight: 400;\">.\u00a0<\/span><\/p>\n<ul>\n<li aria-level=\"1\"><b>Planeta 12:\u00a0<\/b><\/li>\n<\/ul>\n<p><span style=\"font-weight: 400;\">Mart\u00edn Sanjuan, Laura (2022, 17 enero). \u201c\u00bfPor qu\u00e9 los d\u00edas de la semana tienen ese orden y qui\u00e9n le puso los nombres?\u201d [AS.com]. Visto en 2023, 27 septiembre en: <\/span><a href=\"https:\/\/as.com\/diarioas\/2022\/01\/17\/actualidad\/1642423976_008873.html\"><span style=\"font-weight: 400;\">https:\/\/as.com\/diarioas\/2022\/01\/17\/actualidad\/1642423976_008873.html<\/span><\/a><span style=\"font-weight: 400;\">\u00a0<\/span><\/p>\n<ul>\n<li aria-level=\"1\"><b>Planeta 16:\u00a0<\/b><\/li>\n<\/ul>\n<p><span style=\"font-weight: 400;\">Colaboradores de Wikipedia (2023, 26 septiembre). \u201cHormona de Crecimiento\u201d [Wikipedia. La enciclopedia libre]. Visto en 2023, 23 septiembre en: <\/span><a href=\"https:\/\/es.wikipedia.org\/wiki\/Hormona_del_crecimiento\"><span style=\"font-weight: 400;\">https:\/\/es.wikipedia.org\/wiki\/Hormona_del_crecimiento<\/span><\/a><span style=\"font-weight: 400;\">\u00a0<\/span><\/p>\n<ul>\n<li aria-level=\"1\"><b>Planeta 21:\u00a0<\/b><\/li>\n<\/ul>\n<p><span style=\"font-weight: 400;\">\u201cTodo sobre Venus\u201d. (2021, 1 setiembre). \u201cTodo sobre Venus\u201d\u00a0 [Nasa Ciencia &#8211; Space Place]. Visto en 2023, 27 septiembre en: <\/span><a href=\"https:\/\/spaceplace.nasa.gov\/all-about-venus\/sp\/#:~:text=El%20tiempo%20en%20Venus,a%C3%B1o%20dura%20225%20d%C3%ADas%20terrestres\"><span style=\"font-weight: 400;\">https:\/\/spaceplace.nasa.gov\/all-about-venus\/sp\/#:~:text=El%20tiempo%20en%20Venus,a%C3%B1o%20dura%20225%20d%C3%ADas%20terrestres<\/span><\/a><span style=\"font-weight: 400;\">.\u00a0<\/span><\/p>\n<ul>\n<li aria-level=\"1\"><b>Planeta 25<\/b><\/li>\n<\/ul>\n<p><span style=\"font-weight: 400;\">Dr. Manuel L\u00f3pez Tricas, Jose (2018, 27 de julio) \u201cObituario de Robert Mart\u00edn Blizzard. La hormona de crecimiento\u201d [Farmacialasfuentes.com]. Visto en 2024, 8 de mayo en: <\/span><a href=\"http:\/\/farmacialasfuentes.com\/index.php\/obituario-de-robert-martin-blizzard-la-hormona-de-crecimiento\/\"><span style=\"font-weight: 400;\">http:\/\/farmacialasfuentes.com\/index.php\/obituario-de-robert-martin-blizzard-la-hormona-de-crecimiento\/<\/span><\/a><span style=\"font-weight: 400;\">\u00a0<\/span><\/p>\n<ul>\n<li aria-level=\"1\"><b>Planeta 29:\u00a0<\/b><\/li>\n<\/ul>\n<p><span style=\"font-weight: 400;\">Calabria, Andrew. (2023, 3 agosto). \u201cDeficiencia de la hormona de crecimiento en ni\u00f1os.\u00a0 [Manual MSD para el profesional]. Visto en 2023, 23 septiembre en: <\/span><a href=\"https:\/\/www.msdmanuals.com\/es-es\/professional\/pediatr%C3%ADa\/trastornos-endocrinos-pedi%C3%A1tricos\/deficiencia-de-la-hormona-de-crecimiento-en-ni%C3%B1os\"><span style=\"font-weight: 400;\">https:\/\/www.msdmanuals.com\/es-es\/professional\/pediatr%C3%ADa\/trastornos-endocrinos-pedi%C3%A1tricos\/deficiencia-de-la-hormona-de-crecimiento-en-ni%C3%B1os<\/span><\/a><span style=\"font-weight: 400;\">\u00a0<\/span><\/p>\n<ul>\n<li aria-level=\"1\"><b>Planeta 35:<\/b><\/li>\n<\/ul>\n<p><span style=\"font-weight: 400;\">Junta Editorial de Cancer.net (2021, 4 abril). \u201cTumores en la gl\u00e1ndula pituitaria: Introducci\u00f3n\u201d [C\u00e1ncer.net]. Visto en 2023, 26 octubre en:\u00a0 <\/span><a href=\"https:\/\/www.cancer.net\/es\/tipos-de-c%C3%A1ncer\/tumores-en-la-gl%C3%A1ndula-pituitaria\/introducci%C3%B3n#:~:text=La%20gl%C3%A1ndula%20pituitaria%20es%20una,que%20afectan%20muchas%20funciones%20corporales\"><span style=\"font-weight: 400;\">https:\/\/www.cancer.net\/es\/tipos-de-c%C3%A1ncer\/tumores-en-la-gl%C3%A1ndula-pituitaria\/introducci%C3%B3n#:~:text=La%20gl%C3%A1ndula%20pituitaria%20es%20una,que%20afectan%20muchas%20funciones%20corporales<\/span><\/a><span style=\"font-weight: 400;\">\u00a0<\/span><\/p>\n<ul>\n<li aria-level=\"1\"><b>Planeta 39:<\/b><\/li>\n<\/ul>\n<p><span style=\"font-weight: 400;\">Rubio Montagud, Nahum (2021, 18 noviembre). \u201c40 curiosidades del universo fascinantes\u201d\u00a0 [Psicolog\u00eda y mente]. Visto en 2023, 26 octubre en: <\/span><a href=\"https:\/\/psicologiaymente.com\/cultura\/curiosidades-universo\"><span style=\"font-weight: 400;\">https:\/\/psicologiaymente.com\/cultura\/curiosidades-universo<\/span><\/a><span style=\"font-weight: 400;\">\u00a0<\/span><\/p>\n<p><span style=\"font-weight: 400;\">M\u00e9ndez, Adriana (2023, 26 enero). \u201cLos 100 mejores frases sobre el Universo\u201d [Psicolog\u00eda y mente]. Visto en 2023, 30 octubre en: \u200b\u200b<\/span><a href=\"https:\/\/psicologiaymente.com\/reflexiones\/frases-universo\"><span style=\"font-weight: 400;\">https:\/\/psicologiaymente.com\/reflexiones\/frases-universo<\/span><\/a><span style=\"font-weight: 400;\">\u00a0<\/span><\/p>\n<ul>\n<li aria-level=\"1\"><b>Planeta 43<\/b><\/li>\n<\/ul>\n<p><span style=\"font-weight: 400;\">Temboury Molina, Mar\u00eda Carmen (Doctora) (2023, 21, septiembre). \u201cHormona del crecimiento\u201d [Nidcr.nih.gov]. Visto en 2023, 31 octubre en: <\/span><a href=\"https:\/\/www.topdoctors.es\/diccionario-medico\/hormona-del-crecimiento#:~:text=La%20hormona%20del%20crecimiento%20no,en%20la%20etapa%20de%20desarrollo\"><span style=\"font-weight: 400;\">https:\/\/www.topdoctors.es\/diccionario-medico\/hormona-del-crecimiento#:~:text=La%20hormona%20del%20crecimiento%20no,en%20la%20etapa%20de%20desarrollo<\/span><\/a><span style=\"font-weight: 400;\">.\u00a0<\/span><\/p>\n<p><span style=\"font-weight: 400;\">Galera, Carmen (Doctora) (s\/f). \u201cLa hormona de crecimiento y el envejecimiento\u201d [Dermaforyou.com]. Visto en 2023, 31 octubre en: <\/span><a href=\"https:\/\/www.dermaforyou.com\/la-hormona-de-crecimiento-y-el-envejecimiento\/\"><span style=\"font-weight: 400;\">https:\/\/www.dermaforyou.com\/la-hormona-de-crecimiento-y-el-envejecimiento\/<\/span><\/a><span style=\"font-weight: 400;\">\u00a0\u00a0<\/span><\/p>\n<ul>\n<li aria-level=\"1\"><b>Planeta 50:\u00a0<\/b><\/li>\n<\/ul>\n<p><span style=\"font-weight: 400;\">Rubio Montagud, Nahum (2021, 18 noviembre). \u201c40 curiosidades del universo fascinantes\u201d\u00a0 [Psicolog\u00eda y mente]. Visto en 2023, 26 octubre en: <\/span><a href=\"https:\/\/psicologiaymente.com\/cultura\/curiosidades-universo\"><span style=\"font-weight: 400;\">https:\/\/psicologiaymente.com\/cultura\/curiosidades-universo<\/span><\/a><span style=\"font-weight: 400;\">\u00a0<\/span><\/p>\n<ul>\n<li aria-level=\"1\"><b>Planeta 54:\u00a0<\/b><\/li>\n<\/ul>\n<p><span style=\"font-weight: 400;\">Redondo, Marc (2023, 3 marzo). \u201c\u00bfCu\u00e1l es la funci\u00f3n de la Luna y c\u00f3mo afecta a la Tierra?\u201d [Meteored. Tiempo.com]. Visto en 2023, 26 octubre en: <\/span><a href=\"https:\/\/www.tiempo.com\/noticias\/ciencia\/cual-es-la-funcion-de-la-luna-y-como-afecta-a-la-tierra.html#:~:text=Afecta%20a%20la%20rotaci%C3%B3n%20y%20a,climas%20ser%C3%ADan%20mucho%20m%C3%A1s%20extremos\"><span style=\"font-weight: 400;\">https:\/\/www.tiempo.com\/noticias\/ciencia\/cual-es-la-funcion-de-la-luna-y-como-afecta-a-la-tierra.html#:~:text=Afecta%20a%20la%20rotaci%C3%B3n%20y%20a,climas%20ser%C3%ADan%20mucho%20m%C3%A1s%20extremos<\/span><\/a><span style=\"font-weight: 400;\">.\u00a0<\/span><\/p>\n<ul>\n<li aria-level=\"1\"><b>Planeta 57:<\/b><\/li>\n<\/ul>\n<p><span style=\"font-weight: 400;\">Redaci\u00f3n (2022, 13 diciembre). \u201cLionel Messi estuvo en tratamiento para aumentar su estatura: \u00bfCu\u00e1nto cost\u00f3 y qui\u00e9n lo pag\u00f3? &#8211; Qatar 2022\u201d [El Financiero.com]. Visto en 2023, 26 octubre en: <\/span><a href=\"https:\/\/www.elfinanciero.com.mx\/mundial-qatar-2022\/2022\/12\/13\/lionel-messi-estuvo-en-tratamiento-para-aumentar-su-estatura-cuanto-costo-y-quien-lo-pago\/\"><span style=\"font-weight: 400;\">https:\/\/www.elfinanciero.com.mx\/mundial-qatar-2022\/2022\/12\/13\/lionel-messi-estuvo-en-tratamiento-para-aumentar-su-estatura-cuanto-costo-y-quien-lo-pago\/<\/span><\/a><span style=\"font-weight: 400;\">\u00a0\u00a0\u00a0\u00a0<\/span><\/p>\n<ul>\n<li aria-level=\"1\"><b>Planeta 59:\u00a0<\/b><\/li>\n<\/ul>\n<p><i><span style=\"font-weight: 400;\">Surepal (s\/f). \u201cC\u00f3mo usar SurePalTM\u201d [Surepal.com]. Visto en 2023, 23 septiembre en: <\/span><\/i><a href=\"https:\/\/www.surepal.com\/es\/how-to-use-surepaltm\/\"><i><span style=\"font-weight: 400;\">https:\/\/www.surepal.com\/es\/how-to-use-surepaltm\/<\/span><\/i><\/a><\/p>\n<p><span style=\"font-weight: 400;\">Wikipedia (2023, 16 junio). \u201cDeficiencia de la hormona de crecimiento\u201d.\u00a0 Wikipedia. La enciclopedia libre. Visto en 2023, 16 noviembre en:\u00a0 <\/span><a href=\"https:\/\/es.wikipedia.org\/wiki\/Deficiencia_de_la_hormona_de_crecimiento\"><span style=\"font-weight: 400;\">https:\/\/es.wikipedia.org\/wiki\/Deficiencia_de_la_hormona_de_crecimiento<\/span><\/a><span style=\"font-weight: 400;\">\u00a0<\/span><\/p>\n<p><br style=\"font-weight: 400;\" \/><br style=\"font-weight: 400;\" \/><\/p>\n<\/div>\n<\/div><div class=\"fusion-sep-clear\"><\/div><div class=\"fusion-separator fusion-full-width-sep\" style=\"margin-left: auto;margin-right: auto;margin-bottom:35px;width:100%;\"><\/div><div class=\"fusion-sep-clear\"><\/div><div class=\"fusion-clearfix\"><\/div><\/div><\/div><div class=\"fusion-layout-column fusion_builder_column fusion-builder-column-8 fusion_builder_column_1_6 1_6 fusion-one-sixth fusion-column-last\" style=\"--awb-bg-size:cover;width:16.666666666667%;width:calc(16.666666666667% - ( ( 4% + 4% ) * 0.16666666666667 ) );\"><div class=\"fusion-column-wrapper fusion-column-has-shadow fusion-flex-column-wrapper-legacy\"><div class=\"fusion-clearfix\"><\/div><\/div><\/div><div class=\"fusion-layout-column fusion_builder_column fusion-builder-column-9 fusion_builder_column_1_6 1_6 fusion-one-sixth fusion-column-first\" style=\"--awb-bg-size:cover;width:16.666666666667%;width:calc(16.666666666667% - ( ( 4% + 4% ) * 0.16666666666667 ) );margin-right: 4%;\"><div class=\"fusion-column-wrapper fusion-column-has-shadow fusion-flex-column-wrapper-legacy\"><div class=\"fusion-clearfix\"><\/div><\/div><\/div><div class=\"fusion-layout-column fusion_builder_column fusion-builder-column-10 fusion_builder_column_2_3 2_3 fusion-two-third\" style=\"--awb-bg-size:cover;width:66.666666666667%;width:calc(66.666666666667% - ( ( 4% + 4% ) * 0.66666666666667 ) );margin-right: 4%;\"><div class=\"fusion-column-wrapper fusion-column-has-shadow fusion-flex-column-wrapper-legacy\"><div class=\"fusion-sep-clear\"><\/div><div class=\"fusion-separator fusion-full-width-sep\" style=\"margin-left: auto;margin-right: auto;margin-bottom:40px;width:100%;\"><\/div><div class=\"fusion-sep-clear\"><\/div><div class=\"fusion-clearfix\"><\/div><\/div><\/div><div class=\"fusion-layout-column fusion_builder_column fusion-builder-column-11 fusion_builder_column_1_6 1_6 fusion-one-sixth fusion-column-last\" style=\"--awb-bg-size:cover;width:16.666666666667%;width:calc(16.666666666667% - ( ( 4% + 4% ) * 0.16666666666667 ) );\"><div class=\"fusion-column-wrapper fusion-column-has-shadow fusion-flex-column-wrapper-legacy\"><div class=\"fusion-clearfix\"><\/div><\/div><\/div><\/div><\/div><\/p>\n","protected":false},"excerpt":{"rendered":"","protected":false},"author":4,"featured_media":0,"parent":0,"menu_order":0,"comment_status":"closed","ping_status":"open","template":"100-width.php","meta":{"footnotes":""},"class_list":["post-12038","page","type-page","status-publish","hentry"],"_links":{"self":[{"href":"https:\/\/nixiforchildren.com\/en\/wp-json\/wp\/v2\/pages\/12038","targetHints":{"allow":["GET"]}}],"collection":[{"href":"https:\/\/nixiforchildren.com\/en\/wp-json\/wp\/v2\/pages"}],"about":[{"href":"https:\/\/nixiforchildren.com\/en\/wp-json\/wp\/v2\/types\/page"}],"author":[{"embeddable":true,"href":"https:\/\/nixiforchildren.com\/en\/wp-json\/wp\/v2\/users\/4"}],"replies":[{"embeddable":true,"href":"https:\/\/nixiforchildren.com\/en\/wp-json\/wp\/v2\/comments?post=12038"}],"version-history":[{"count":8,"href":"https:\/\/nixiforchildren.com\/en\/wp-json\/wp\/v2\/pages\/12038\/revisions"}],"predecessor-version":[{"id":12041,"href":"https:\/\/nixiforchildren.com\/en\/wp-json\/wp\/v2\/pages\/12038\/revisions\/12041"}],"wp:attachment":[{"href":"https:\/\/nixiforchildren.com\/en\/wp-json\/wp\/v2\/media?parent=12038"}],"curies":[{"name":"wp","href":"https:\/\/api.w.org\/{rel}","templated":true}]}}