{"id":3981,"date":"2020-04-25T02:37:35","date_gmt":"2020-04-25T00:37:35","guid":{"rendered":"https:\/\/nixiforchildren.com\/ca\/?page_id=3981"},"modified":"2020-04-25T02:50:29","modified_gmt":"2020-04-25T00:50:29","slug":"legal","status":"publish","type":"page","link":"https:\/\/nixiforchildren.com\/ca\/legal\/","title":{"rendered":"Aviso legal"},"content":{"rendered":"<p><div class=\"fusion-fullwidth fullwidth-box fusion-builder-row-1 fusion-parallax-none hundred-percent-fullwidth non-hundred-percent-height-scrolling\" style=\"--awb-border-radius-top-left:0px;--awb-border-radius-top-right:0px;--awb-border-radius-bottom-right:0px;--awb-border-radius-bottom-left:0px;--awb-margin-top:0px;--awb-margin-bottom:00px;--awb-background-color:rgba(39,53,130,0);--awb-background-image:url(&quot;https:\/\/nixiforchildren.com\/wp-content\/uploads\/2020\/04\/panell_plataforma3.jpg&quot;);--awb-background-size:cover;--awb-flex-wrap:wrap;\" ><div class=\"fusion-builder-row fusion-row\"><div class=\"fusion-layout-column fusion_builder_column fusion-builder-column-0 fusion_builder_column_1_5 1_5 fusion-one-fifth fusion-column-first\" style=\"--awb-bg-size:cover;width:20%;width:calc(20% - ( ( 4% + 4% ) * 0.2 ) );margin-right: 4%;\"><div class=\"fusion-column-wrapper fusion-column-has-shadow fusion-flex-column-wrapper-legacy\"><div class=\"fusion-clearfix\"><\/div><\/div><\/div><div class=\"fusion-layout-column fusion_builder_column fusion-builder-column-1 fusion_builder_column_3_5 3_5 fusion-three-fifth\" style=\"--awb-bg-size:cover;--awb-margin-top:180px;width:60%;width:calc(60% - ( ( 4% + 4% ) * 0.6 ) );margin-right: 4%;\"><div class=\"fusion-column-wrapper fusion-column-has-shadow fusion-flex-column-wrapper-legacy\"><div class=\"fusion-title title fusion-title-1 fusion-sep-none fusion-title-text fusion-title-size-one\" style=\"--awb-margin-bottom:17px;\"><h1 class=\"fusion-title-heading title-heading-left fusion-responsive-typography-calculated\" style=\"margin:0;--fontSize:80;line-height:1;\"><p style=\"text-align: center; color: #ffffff; line-height: 20px;\"><span style=\"font-size: 32px; line-height: 32px; font-weight: 400;\">La norma dels 5 sentits<\/span><\/p><\/h1><\/div><div class=\"fusion-text fusion-text-1\"><p style=\"text-align: center; font-size: 18px; margin-top: -10px; line-height: 32px; color: #ffffff;\">per Verena del Valle<\/p>\n<\/div><div class=\"fusion-clearfix\"><\/div><\/div><\/div><div class=\"fusion-layout-column fusion_builder_column fusion-builder-column-2 fusion_builder_column_1_5 1_5 fusion-one-fifth fusion-column-last\" style=\"--awb-bg-size:cover;width:20%;width:calc(20% - ( ( 4% + 4% ) * 0.2 ) );\"><div class=\"fusion-column-wrapper fusion-column-has-shadow fusion-flex-column-wrapper-legacy\"><div class=\"fusion-clearfix\"><\/div><\/div><\/div><\/div><\/div><div class=\"fusion-fullwidth fullwidth-box fusion-builder-row-2 nonhundred-percent-fullwidth non-hundred-percent-height-scrolling\" style=\"--awb-border-radius-top-left:0px;--awb-border-radius-top-right:0px;--awb-border-radius-bottom-right:0px;--awb-border-radius-bottom-left:0px;--awb-flex-wrap:wrap;\" ><div class=\"fusion-builder-row fusion-row\"><div class=\"fusion-layout-column fusion_builder_column fusion-builder-column-3 fusion_builder_column_2_5 2_5 fusion-two-fifth fusion-column-first\" style=\"--awb-bg-size:cover;width:40%;width:calc(40% - ( ( 4% + 4% ) * 0.4 ) );margin-right: 4%;\"><div class=\"fusion-column-wrapper fusion-column-has-shadow fusion-flex-column-wrapper-legacy\"><div class=\"fusion-clearfix\"><\/div><\/div><\/div><div class=\"fusion-layout-column fusion_builder_column fusion-builder-column-4 fusion_builder_column_1_5 1_5 fusion-one-fifth\" style=\"--awb-padding-top:20px;--awb-padding-right:20px;--awb-padding-bottom:20px;--awb-bg-size:cover;--awb-margin-bottom:5px;width:20%;width:calc(20% - ( ( 4% + 4% ) * 0.2 ) );margin-right: 4%;\"><div class=\"fusion-column-wrapper fusion-column-has-shadow fusion-flex-column-wrapper-legacy\"><div class=\"fusion-image-element in-legacy-container\" style=\"--awb-caption-title-font-family:var(--h2_typography-font-family);--awb-caption-title-font-weight:var(--h2_typography-font-weight);--awb-caption-title-font-style:var(--h2_typography-font-style);--awb-caption-title-size:var(--h2_typography-font-size);--awb-caption-title-transform:var(--h2_typography-text-transform);--awb-caption-title-line-height:var(--h2_typography-line-height);--awb-caption-title-letter-spacing:var(--h2_typography-letter-spacing);\"><span class=\" fusion-imageframe imageframe-none imageframe-1 hover-type-none\"><img decoding=\"async\" src=\"https:\/\/nixiforchildren.com\/wp-content\/uploads\/2020\/04\/icon_family_edu_1.png\" alt class=\"img-responsive\"\/><\/span><\/div><div class=\"fusion-clearfix\"><\/div><\/div><\/div><div class=\"fusion-layout-column fusion_builder_column fusion-builder-column-5 fusion_builder_column_2_5 2_5 fusion-two-fifth fusion-column-last\" style=\"--awb-bg-size:cover;width:40%;width:calc(40% - ( ( 4% + 4% ) * 0.4 ) );\"><div class=\"fusion-column-wrapper fusion-column-has-shadow fusion-flex-column-wrapper-legacy\"><div class=\"fusion-clearfix\"><\/div><\/div><\/div><div class=\"fusion-layout-column fusion_builder_column fusion-builder-column-6 fusion_builder_column_1_3 1_3 fusion-one-third fusion-column-first\" style=\"--awb-bg-size:cover;width:33.333333333333%;width:calc(33.333333333333% - ( ( 4% + 4% ) * 0.33333333333333 ) );margin-right: 4%;\"><div class=\"fusion-column-wrapper fusion-column-has-shadow fusion-flex-column-wrapper-legacy\"><div class=\"fusion-clearfix\"><\/div><\/div><\/div><div class=\"fusion-layout-column fusion_builder_column fusion-builder-column-7 fusion_builder_column_1_3 1_3 fusion-one-third\" style=\"--awb-padding-right:30px;--awb-padding-left:30px;--awb-bg-size:cover;--awb-margin-top:-15px;--awb-margin-bottom:30px;width:33.333333333333%;width:calc(33.333333333333% - ( ( 4% + 4% ) * 0.33333333333333 ) );margin-right: 4%;\"><div class=\"fusion-column-wrapper fusion-column-has-shadow fusion-flex-column-wrapper-legacy\"><div class=\"accordian fusion-accordian\" style=\"--awb-border-size:1px;--awb-icon-size:13px;--awb-content-font-size:17px;--awb-icon-alignment:left;--awb-hover-color:rgba(251,251,251,0.71);--awb-border-color:#ebebeb;--awb-background-color:#ffffff;--awb-divider-color:#e0dede;--awb-divider-hover-color:#e0dede;--awb-icon-color:#5dc4eb;--awb-title-color:#0ea5e9;--awb-content-color:#1e293b;--awb-icon-box-color:#5dc4eb;--awb-toggle-hover-accent-color:#1b73a5;--awb-title-font-family:&quot;Nunito&quot;;--awb-title-font-weight:600;--awb-title-font-style:normal;--awb-title-font-size:22px;--awb-title-letter-spacing:-0.01em;--awb-title-line-height:1.2;--awb-content-font-family:&quot;Inter&quot;;--awb-content-font-style:normal;--awb-content-font-weight:400;\"><div class=\"panel-group fusion-toggle-icon-unboxed\" id=\"accordion-3981-1\"><div class=\"fusion-panel panel-default panel-e9f3224a9200ba27d fusion-toggle-no-divider\"><div class=\"panel-heading\"><h4 class=\"panel-title toggle\" id=\"toggle_e9f3224a9200ba27d\"><a aria-expanded=\"false\" aria-controls=\"e9f3224a9200ba27d\" role=\"button\" data-toggle=\"collapse\" data-parent=\"#accordion-3981-1\" data-target=\"#e9f3224a9200ba27d\" href=\"#e9f3224a9200ba27d\"><span class=\"fusion-toggle-icon-wrapper\" aria-hidden=\"true\"><i class=\"fa-fusion-box active-icon awb-icon-minus\" aria-hidden=\"true\"><\/i><i class=\"fa-fusion-box inactive-icon awb-icon-plus\" aria-hidden=\"true\"><\/i><\/span><span class=\"fusion-toggle-heading\">Recursos descarregables<\/span><\/a><\/h4><\/div><div id=\"e9f3224a9200ba27d\" class=\"panel-collapse collapse \" aria-labelledby=\"toggle_e9f3224a9200ba27d\"><div class=\"panel-body toggle-content fusion-clearfix\">\n<p><a href=\"http:\/\/www.h.ok\">Recurs 1<\/a><\/p>\n<p><a href=\"http:\/\/www.ok.hey\">Recurs 2<\/a><\/p>\n<\/div><\/div><\/div><\/div><\/div><div class=\"fusion-clearfix\"><\/div><\/div><\/div><div class=\"fusion-layout-column fusion_builder_column fusion-builder-column-8 fusion_builder_column_1_3 1_3 fusion-one-third fusion-column-last\" style=\"--awb-bg-size:cover;width:33.333333333333%;width:calc(33.333333333333% - ( ( 4% + 4% ) * 0.33333333333333 ) );\"><div class=\"fusion-column-wrapper fusion-column-has-shadow fusion-flex-column-wrapper-legacy\"><div class=\"fusion-clearfix\"><\/div><\/div><\/div><div class=\"fusion-layout-column fusion_builder_column fusion-builder-column-9 fusion_builder_column_1_6 1_6 fusion-one-sixth fusion-column-first\" style=\"--awb-bg-size:cover;width:16.666666666667%;width:calc(16.666666666667% - ( ( 4% + 4% ) * 0.16666666666667 ) );margin-right: 4%;\"><div class=\"fusion-column-wrapper fusion-column-has-shadow fusion-flex-column-wrapper-legacy\"><div class=\"fusion-clearfix\"><\/div><\/div><\/div><div class=\"fusion-layout-column fusion_builder_column fusion-builder-column-10 fusion_builder_column_2_3 2_3 fusion-two-third\" style=\"--awb-bg-size:cover;width:66.666666666667%;width:calc(66.666666666667% - ( ( 4% + 4% ) * 0.66666666666667 ) );margin-right: 4%;\"><div class=\"fusion-column-wrapper fusion-column-has-shadow fusion-flex-column-wrapper-legacy\"><div class=\"fusion-text fusion-text-2\"><div class=\"O0\"><strong>1.Explicar nom\u00e9s el que el nen\/a viur\u00e0<\/strong><\/div>\n<div class=\"O0\">Inclogui tots els detalls, per\u00f2 no esmenti res del que el nen\/a no veur\u00e0, tocar\u00e0, sentir\u00e0, olorar\u00e0 o sabr\u00e0. Per exemple, si el nen\/a est\u00e0 rebent anest\u00e8sia general amb m\u00e0scara i se li col\u00b7locar\u00e0 un cat\u00e8ter (veinflon) una vegada que ja estigui dormint, no t\u00e9 sentit parlar-li sobre la punxada. Els nens i nenes petits no poden distingir entre el que succeir\u00e0 i el que van (o no van) a sentir.<\/div>\n<div><\/div>\n<\/div><div class=\"fusion-sep-clear\"><\/div><div class=\"fusion-separator fusion-full-width-sep\" style=\"margin-left: auto;margin-right: auto;margin-bottom:35px;width:100%;\"><\/div><div class=\"fusion-sep-clear\"><\/div><div class=\"fusion-text fusion-text-3\"><div class=\"O0\"><strong>2. Jugar a metges i metgesses a casa<\/strong><\/div>\n<div class=\"O0\">\n<div class=\"O0\">\n<div class=\"O0\">\n<p>Recomano encaridament usar un<a href=\"http:\/\/www.nixiforchildren.com\/verena2\"> ninot\/nina neutral<\/a> (un al qual el nen\/a no estigui unit\/da) per explicar als m\u00e9s petits el que passar\u00e0 el dia de l&#8217;operaci\u00f3.<\/p>\n<\/div>\n<\/div>\n<\/div>\n<\/div><div class=\"fusion-sep-clear\"><\/div><div class=\"fusion-separator fusion-full-width-sep\" style=\"margin-left: auto;margin-right: auto;margin-bottom:15px;width:100%;\"><\/div><div class=\"fusion-sep-clear\"><\/div><div class=\"fusion-text fusion-text-4\"><div class=\"O0\">\n<p>Per exemple, si li posaran l&#8217;anest\u00e8sia amb una punxada, digui-li a la nina <span class=\"hiddenGrammarError\">&#8220;<\/span>Benvolguda nina, saps que ens preocupem molt per tu i volem que et curis quan\u00a0abans millor. Hi ha una medicina que ens ajuda a fer que et quedis adormida durant l&#8217;operaci\u00f3, i li diem &#8220;vacuna&#8221;. Mira nina, aqu\u00ed tinc una &#8220;gassa&#8221;, pots tocar-la, \u00e9s suau. Ara la mullar\u00e9&#8230; veur\u00e0s, \u00e9s freda ara. Ara et netejar\u00e9 el bra\u00e7 \u2013 ja ho veus \u2013 \u00e9s freda. Ara la teva feina ser\u00e0 estar-te molt quiet\/a i bufar com quan bufes les espelmes d&#8217;un past\u00eds d&#8217;aniversari (<a href=\"http:\/\/www.nixiforchildren.com\/verena3\">Aix\u00f2 li d\u00f3na una tasca!<\/a>). La feina de la mama\/papa ser\u00e0 ajudar-te a quedar-te molt quiet\/a. Tothom t\u00e9 una gran feina. Molt bona <span class=\"hiddenGrammarError\">feina, nina<\/span>!<\/p>\n<p>Consell: Si el nen\/a no escolta la nostra explicaci\u00f3, tamb\u00e9 \u00e9s molt \u00fatil ignorar-lo i parlar nom\u00e9s amb el ninot. Aix\u00f2 segurament cridar\u00e0 l&#8217;atenci\u00f3 del nen\/a.<\/p>\n<\/div>\n<\/div><div class=\"fusion-sep-clear\"><\/div><div class=\"fusion-separator fusion-full-width-sep\" style=\"margin-left: auto;margin-right: auto;margin-bottom:35px;width:100%;\"><\/div><div class=\"fusion-sep-clear\"><\/div><div class=\"fusion-text fusion-text-5\"><p style=\"text-align: center; padding-left: 0px; line-height: 42px; font-size: 35px;\"><span style=\"color: #c9c9c9; text-align: center;\">&#8220;Recomano encaridament usar un ninot\/nina neutral\u00a0per explicar als m\u00e9s petits el que passar\u00e0 el dia de l&#8217;operaci\u00f3.&#8221;<\/span><\/p>\n<\/div><div class=\"fusion-sep-clear\"><\/div><div class=\"fusion-separator fusion-full-width-sep\" style=\"margin-left: auto;margin-right: auto;margin-bottom:35px;width:100%;\"><\/div><div class=\"fusion-sep-clear\"><\/div><div class=\"fusion-text fusion-text-6\"><div><strong>3. Seguiu sempre la norma dels 5 sentits<\/strong><\/div>\n<div>Usar la regla dels 5 sentits per a explicar-ho, ser\u00e0 suficient per als nens, fins i tot els adolescents. Expliqui al nen\/a el que sentir\u00e0 el dia de la cirurgia, tenint en compte els 5 sentits. Per exemple, a la sala d&#8217;operacions sol fer fred. L&#8217;anest\u00e8sia sol fer olor de menta o xocolata (se sol administrar amb m\u00e0scara per a nens de fins a 12 anys). Coneix m\u00e9s sobre el protocol de la cirurgia en aquesta c\u00e0psula: <a href=\"http:\/\/www.nixiforchildren.com\/teresa1\">Com ser\u00e0 el dia de la cirurgia? Pas a pas.<\/a><br \/>\nSi el nen necessita saber m\u00e9s, ens el preguntar\u00e0.<\/div>\n<\/div><div class=\"fusion-clearfix\"><\/div><\/div><\/div><div class=\"fusion-layout-column fusion_builder_column fusion-builder-column-11 fusion_builder_column_1_6 1_6 fusion-one-sixth fusion-column-last\" style=\"--awb-bg-size:cover;width:16.666666666667%;width:calc(16.666666666667% - ( ( 4% + 4% ) * 0.16666666666667 ) );\"><div class=\"fusion-column-wrapper fusion-column-has-shadow fusion-flex-column-wrapper-legacy\"><div class=\"fusion-clearfix\"><\/div><\/div><\/div><div class=\"fusion-layout-column fusion_builder_column fusion-builder-column-12 fusion_builder_column_1_6 1_6 fusion-one-sixth fusion-column-first\" style=\"--awb-bg-size:cover;width:16.666666666667%;width:calc(16.666666666667% - ( ( 4% + 4% ) * 0.16666666666667 ) );margin-right: 4%;\"><div class=\"fusion-column-wrapper fusion-column-has-shadow fusion-flex-column-wrapper-legacy\"><div class=\"fusion-clearfix\"><\/div><\/div><\/div><div class=\"fusion-layout-column fusion_builder_column fusion-builder-column-13 fusion_builder_column_2_3 2_3 fusion-two-third\" style=\"--awb-bg-size:cover;width:66.666666666667%;width:calc(66.666666666667% - ( ( 4% + 4% ) * 0.66666666666667 ) );margin-right: 4%;\"><div class=\"fusion-column-wrapper fusion-column-has-shadow fusion-flex-column-wrapper-legacy\"><div class=\"fusion-sep-clear\"><\/div><div class=\"fusion-separator fusion-full-width-sep\" style=\"margin-left: auto;margin-right: auto;margin-bottom:40px;width:100%;\"><\/div><div class=\"fusion-sep-clear\"><\/div><div class=\"fusion-clearfix\"><\/div><\/div><\/div><div class=\"fusion-layout-column fusion_builder_column fusion-builder-column-14 fusion_builder_column_1_6 1_6 fusion-one-sixth fusion-column-last\" style=\"--awb-bg-size:cover;width:16.666666666667%;width:calc(16.666666666667% - ( ( 4% + 4% ) * 0.16666666666667 ) );\"><div class=\"fusion-column-wrapper fusion-column-has-shadow fusion-flex-column-wrapper-legacy\"><div class=\"fusion-clearfix\"><\/div><\/div><\/div><\/div><\/div><div class=\"fusion-fullwidth fullwidth-box fusion-builder-row-3 nonhundred-percent-fullwidth non-hundred-percent-height-scrolling\" style=\"--awb-border-radius-top-left:0px;--awb-border-radius-top-right:0px;--awb-border-radius-bottom-right:0px;--awb-border-radius-bottom-left:0px;--awb-margin-top:100px;--awb-margin-bottom:50px;--awb-flex-wrap:wrap;\" ><div class=\"fusion-builder-row fusion-row\"><div class=\"fusion-layout-column fusion_builder_column fusion-builder-column-15 fusion_builder_column_1_6 1_6 fusion-one-sixth fusion-column-first\" style=\"--awb-bg-size:cover;width:16.666666666667%;width:calc(16.666666666667% - ( ( 4% + 4% + 4% ) * 0.16666666666667 ) );margin-right: 4%;\"><div class=\"fusion-column-wrapper fusion-column-has-shadow fusion-flex-column-wrapper-legacy\"><div class=\"fusion-clearfix\"><\/div><\/div><\/div><div class=\"fusion-layout-column fusion_builder_column fusion-builder-column-16 fusion_builder_column_1_6 1_6 fusion-one-sixth\" style=\"--awb-bg-size:cover;--awb-margin-top:-47px;width:16.666666666667%;width:calc(16.666666666667% - ( ( 4% + 4% + 4% ) * 0.16666666666667 ) );margin-right: 4%;\"><div class=\"fusion-column-wrapper fusion-column-has-shadow fusion-flex-column-wrapper-legacy\"><div class=\"fusion-image-element in-legacy-container\" style=\"--awb-caption-title-font-family:var(--h2_typography-font-family);--awb-caption-title-font-weight:var(--h2_typography-font-weight);--awb-caption-title-font-style:var(--h2_typography-font-style);--awb-caption-title-size:var(--h2_typography-font-size);--awb-caption-title-transform:var(--h2_typography-text-transform);--awb-caption-title-line-height:var(--h2_typography-line-height);--awb-caption-title-letter-spacing:var(--h2_typography-letter-spacing);\"><span class=\" fusion-imageframe imageframe-none imageframe-2 hover-type-none\"><img decoding=\"async\" width=\"394\" height=\"394\" title=\"VERENA_PROFILE_1.2\" src=\"https:\/\/nixiforchildren.com\/wp-content\/uploads\/2020\/04\/VERENA_PROFILE_1.2.jpg\" alt class=\"img-responsive wp-image-3669\" srcset=\"https:\/\/nixiforchildren.com\/wp-content\/uploads\/2020\/04\/VERENA_PROFILE_1.2-200x200.jpg 200w, https:\/\/nixiforchildren.com\/wp-content\/uploads\/2020\/04\/VERENA_PROFILE_1.2.jpg 394w\" sizes=\"(max-width: 1000px) 100vw, 394px\" \/><\/span><\/div><div class=\"fusion-clearfix\"><\/div><\/div><\/div><div class=\"fusion-layout-column fusion_builder_column fusion-builder-column-17 fusion_builder_column_1_2 1_2 fusion-one-half\" style=\"--awb-padding-right:-40px;--awb-bg-size:cover;--awb-margin-top:-50px;width:50%;width:calc(50% - ( ( 4% + 4% + 4% ) * 0.5 ) );margin-right: 4%;\"><div class=\"fusion-column-wrapper fusion-column-has-shadow fusion-flex-column-wrapper-legacy\"><div class=\"fusion-title title fusion-title-2 fusion-sep-none fusion-title-text fusion-title-size-one\" style=\"--awb-margin-bottom:17px;\"><h1 class=\"fusion-title-heading title-heading-left fusion-responsive-typography-calculated\" style=\"margin:0;--fontSize:80;line-height:1;\"><p style=\"color: #ffffff; line-height: 20px; text-align: left;\"><span style=\"color: #333333; font-size: 25px; line-height: 32px; font-weight: 400;\">Verena del Valle<\/span><\/p><\/h1><\/div><div class=\"fusion-text fusion-text-7\"><p style=\"font-size: 15px; margin-top: -20px; line-height: 32px; text-align: left;\">Psic\u00f3loga certificada Child Life<\/p>\n<\/div><div class=\"fusion-text fusion-text-8\"><p style=\"font-size: 15px; margin-top: -8px; line-height: 20px; text-align: left;\">Mom but also certified Child Life specialist. Verena is a trained professional with expertise in helping children and their families overcome life\u2019s most challenging events, particularly those related to healthcare and hospitalization.<\/p>\n<\/div><div class=\"fusion-clearfix\"><\/div><\/div><\/div><div class=\"fusion-layout-column fusion_builder_column fusion-builder-column-18 fusion_builder_column_1_6 1_6 fusion-one-sixth fusion-column-last\" style=\"--awb-bg-size:cover;width:16.666666666667%;width:calc(16.666666666667% - ( ( 4% + 4% + 4% ) * 0.16666666666667 ) );\"><div class=\"fusion-column-wrapper fusion-column-has-shadow fusion-flex-column-wrapper-legacy\"><div class=\"fusion-clearfix\"><\/div><\/div><\/div><\/div><\/div><\/p>\n","protected":false},"excerpt":{"rendered":"","protected":false},"author":1,"featured_media":0,"parent":0,"menu_order":0,"comment_status":"closed","ping_status":"open","template":"100-width.php","meta":{"footnotes":""},"class_list":["post-3981","page","type-page","status-publish","hentry"],"_links":{"self":[{"href":"https:\/\/nixiforchildren.com\/ca\/wp-json\/wp\/v2\/pages\/3981","targetHints":{"allow":["GET"]}}],"collection":[{"href":"https:\/\/nixiforchildren.com\/ca\/wp-json\/wp\/v2\/pages"}],"about":[{"href":"https:\/\/nixiforchildren.com\/ca\/wp-json\/wp\/v2\/types\/page"}],"author":[{"embeddable":true,"href":"https:\/\/nixiforchildren.com\/ca\/wp-json\/wp\/v2\/users\/1"}],"replies":[{"embeddable":true,"href":"https:\/\/nixiforchildren.com\/ca\/wp-json\/wp\/v2\/comments?post=3981"}],"version-history":[{"count":14,"href":"https:\/\/nixiforchildren.com\/ca\/wp-json\/wp\/v2\/pages\/3981\/revisions"}],"predecessor-version":[{"id":13417,"href":"https:\/\/nixiforchildren.com\/ca\/wp-json\/wp\/v2\/pages\/3981\/revisions\/13417"}],"wp:attachment":[{"href":"https:\/\/nixiforchildren.com\/ca\/wp-json\/wp\/v2\/media?parent=3981"}],"curies":[{"name":"wp","href":"https:\/\/api.w.org\/{rel}","templated":true}]}}