{"id":3888,"date":"2020-04-23T03:57:22","date_gmt":"2020-04-23T01:57:22","guid":{"rendered":"https:\/\/nixiforchildren.com\/ca\/?page_id=3888"},"modified":"2020-05-22T00:45:48","modified_gmt":"2020-05-21T22:45:48","slug":"surgery-vocabulary","status":"publish","type":"page","link":"https:\/\/nixiforchildren.com\/ca\/surgery-vocabulary\/","title":{"rendered":"Plataforma &#8211; Verena 4 &#8211; Vocabulari"},"content":{"rendered":"<p><div class=\"fusion-fullwidth fullwidth-box fusion-builder-row-1 fusion-parallax-none hundred-percent-fullwidth non-hundred-percent-height-scrolling\" style=\"--awb-border-radius-top-left:0px;--awb-border-radius-top-right:0px;--awb-border-radius-bottom-right:0px;--awb-border-radius-bottom-left:0px;--awb-margin-top:0px;--awb-margin-bottom:00px;--awb-background-color:rgba(39,53,130,0);--awb-background-image:url(&quot;https:\/\/nixiforchildren.com\/wp-content\/uploads\/2020\/04\/panell_plataforma4.jpg&quot;);--awb-background-size:cover;--awb-flex-wrap:wrap;\" ><div class=\"fusion-builder-row fusion-row\"><div class=\"fusion-layout-column fusion_builder_column fusion-builder-column-0 fusion_builder_column_1_5 1_5 fusion-one-fifth fusion-column-first\" style=\"--awb-bg-size:cover;width:20%;width:calc(20% - ( ( 4% + 4% ) * 0.2 ) );margin-right: 4%;\"><div class=\"fusion-column-wrapper fusion-column-has-shadow fusion-flex-column-wrapper-legacy\"><div class=\"fusion-clearfix\"><\/div><\/div><\/div><div class=\"fusion-layout-column fusion_builder_column fusion-builder-column-1 fusion_builder_column_3_5 3_5 fusion-three-fifth\" style=\"--awb-bg-size:cover;--awb-margin-top:180px;width:60%;width:calc(60% - ( ( 4% + 4% ) * 0.6 ) );margin-right: 4%;\"><div class=\"fusion-column-wrapper fusion-column-has-shadow fusion-flex-column-wrapper-legacy\"><div class=\"fusion-title title fusion-title-1 fusion-sep-none fusion-title-text fusion-title-size-one\" style=\"--awb-margin-bottom:17px;\"><h1 class=\"fusion-title-heading title-heading-left fusion-responsive-typography-calculated\" style=\"margin:0;--fontSize:80;line-height:1;\"><p style=\"text-align: center; color: #ffffff; line-height: 20px;\"><span style=\"font-size: 32px; line-height: 40px; font-weight: 400;\">Vocabulari per parlar de l&#8217;operaci\u00f3<\/span><\/p><\/h1><\/div><div class=\"fusion-text fusion-text-1\"><p style=\"text-align: center; font-size: 18px; margin-top: -10px; line-height: 32px; color: #ffffff;\">per Verena del Valle<\/p>\n<\/div><div class=\"fusion-clearfix\"><\/div><\/div><\/div><div class=\"fusion-layout-column fusion_builder_column fusion-builder-column-2 fusion_builder_column_1_5 1_5 fusion-one-fifth fusion-column-last\" style=\"--awb-bg-size:cover;width:20%;width:calc(20% - ( ( 4% + 4% ) * 0.2 ) );\"><div class=\"fusion-column-wrapper fusion-column-has-shadow fusion-flex-column-wrapper-legacy\"><div class=\"fusion-clearfix\"><\/div><\/div><\/div><\/div><\/div><div class=\"fusion-fullwidth fullwidth-box fusion-builder-row-2 nonhundred-percent-fullwidth non-hundred-percent-height-scrolling\" style=\"--awb-border-radius-top-left:0px;--awb-border-radius-top-right:0px;--awb-border-radius-bottom-right:0px;--awb-border-radius-bottom-left:0px;--awb-flex-wrap:wrap;\" ><div class=\"fusion-builder-row fusion-row\"><div class=\"fusion-layout-column fusion_builder_column fusion-builder-column-3 fusion_builder_column_2_5 2_5 fusion-two-fifth fusion-column-first\" style=\"--awb-bg-size:cover;width:40%;width:calc(40% - ( ( 4% + 4% ) * 0.4 ) );margin-right: 4%;\"><div class=\"fusion-column-wrapper fusion-column-has-shadow fusion-flex-column-wrapper-legacy\"><div class=\"fusion-clearfix\"><\/div><\/div><\/div><div class=\"fusion-layout-column fusion_builder_column fusion-builder-column-4 fusion_builder_column_1_5 1_5 fusion-one-fifth\" style=\"--awb-padding-top:20px;--awb-padding-right:20px;--awb-padding-bottom:20px;--awb-bg-size:cover;--awb-margin-bottom:5px;width:20%;width:calc(20% - ( ( 4% + 4% ) * 0.2 ) );margin-right: 4%;\"><div class=\"fusion-column-wrapper fusion-column-has-shadow fusion-flex-column-wrapper-legacy\"><div class=\"fusion-image-element in-legacy-container\" style=\"--awb-caption-title-font-family:var(--h2_typography-font-family);--awb-caption-title-font-weight:var(--h2_typography-font-weight);--awb-caption-title-font-style:var(--h2_typography-font-style);--awb-caption-title-size:var(--h2_typography-font-size);--awb-caption-title-transform:var(--h2_typography-text-transform);--awb-caption-title-line-height:var(--h2_typography-line-height);--awb-caption-title-letter-spacing:var(--h2_typography-letter-spacing);\"><span class=\" fusion-imageframe imageframe-none imageframe-1 hover-type-none\"><img decoding=\"async\" src=\"https:\/\/nixiforchildren.com\/wp-content\/uploads\/2020\/04\/icon_family_edu_1.png\" alt class=\"img-responsive\"\/><\/span><\/div><div class=\"fusion-clearfix\"><\/div><\/div><\/div><div class=\"fusion-layout-column fusion_builder_column fusion-builder-column-5 fusion_builder_column_2_5 2_5 fusion-two-fifth fusion-column-last\" style=\"--awb-bg-size:cover;width:40%;width:calc(40% - ( ( 4% + 4% ) * 0.4 ) );\"><div class=\"fusion-column-wrapper fusion-column-has-shadow fusion-flex-column-wrapper-legacy\"><div class=\"fusion-clearfix\"><\/div><\/div><\/div><div class=\"fusion-layout-column fusion_builder_column fusion-builder-column-6 fusion_builder_column_1_3 1_3 fusion-one-third fusion-column-first\" style=\"--awb-bg-size:cover;width:33.333333333333%;width:calc(33.333333333333% - ( ( 4% + 4% ) * 0.33333333333333 ) );margin-right: 4%;\"><div class=\"fusion-column-wrapper fusion-column-has-shadow fusion-flex-column-wrapper-legacy\"><div class=\"fusion-clearfix\"><\/div><\/div><\/div><div class=\"fusion-layout-column fusion_builder_column fusion-builder-column-7 fusion_builder_column_1_3 1_3 fusion-one-third\" style=\"--awb-padding-right:30px;--awb-padding-left:30px;--awb-bg-size:cover;--awb-margin-top:-15px;--awb-margin-bottom:30px;width:33.333333333333%;width:calc(33.333333333333% - ( ( 4% + 4% ) * 0.33333333333333 ) );margin-right: 4%;\"><div class=\"fusion-column-wrapper fusion-column-has-shadow fusion-flex-column-wrapper-legacy\"><div class=\"accordian fusion-accordian\" style=\"--awb-border-size:1px;--awb-icon-size:13px;--awb-content-font-size:17px;--awb-icon-alignment:left;--awb-hover-color:rgba(251,251,251,0.71);--awb-border-color:#ebebeb;--awb-background-color:#ffffff;--awb-divider-color:#e0dede;--awb-divider-hover-color:#e0dede;--awb-icon-color:#5dc4eb;--awb-title-color:#0ea5e9;--awb-content-color:#1e293b;--awb-icon-box-color:#5dc4eb;--awb-toggle-hover-accent-color:#1b73a5;--awb-title-font-family:&quot;Nunito&quot;;--awb-title-font-weight:600;--awb-title-font-style:normal;--awb-title-font-size:22px;--awb-title-letter-spacing:-0.01em;--awb-title-line-height:1.2;--awb-content-font-family:&quot;Inter&quot;;--awb-content-font-style:normal;--awb-content-font-weight:400;\"><div class=\"panel-group fusion-toggle-icon-unboxed\" id=\"accordion-3888-1\"><div class=\"fusion-panel panel-default panel-82c9cb17fd401db0c fusion-toggle-no-divider\"><div class=\"panel-heading\"><h4 class=\"panel-title toggle\" id=\"toggle_82c9cb17fd401db0c\"><a aria-expanded=\"false\" aria-controls=\"82c9cb17fd401db0c\" role=\"button\" data-toggle=\"collapse\" data-parent=\"#accordion-3888-1\" data-target=\"#82c9cb17fd401db0c\" href=\"#82c9cb17fd401db0c\"><span class=\"fusion-toggle-icon-wrapper\" aria-hidden=\"true\"><i class=\"fa-fusion-box active-icon awb-icon-minus\" aria-hidden=\"true\"><\/i><i class=\"fa-fusion-box inactive-icon awb-icon-plus\" aria-hidden=\"true\"><\/i><\/span><span class=\"fusion-toggle-heading\">Recursos descarregables<\/span><\/a><\/h4><\/div><div id=\"82c9cb17fd401db0c\" class=\"panel-collapse collapse \" aria-labelledby=\"toggle_82c9cb17fd401db0c\"><div class=\"panel-body toggle-content fusion-clearfix\">\n<p><a href=\"http:\/\/www.h.ok\">Recurso 1<\/a><\/p>\n<p><a href=\"http:\/\/www.ok.hey\">Recurso 2<\/a><\/p>\n<\/div><\/div><\/div><\/div><\/div><div class=\"fusion-clearfix\"><\/div><\/div><\/div><div class=\"fusion-layout-column fusion_builder_column fusion-builder-column-8 fusion_builder_column_1_3 1_3 fusion-one-third fusion-column-last\" style=\"--awb-bg-size:cover;width:33.333333333333%;width:calc(33.333333333333% - ( ( 4% + 4% ) * 0.33333333333333 ) );\"><div class=\"fusion-column-wrapper fusion-column-has-shadow fusion-flex-column-wrapper-legacy\"><div class=\"fusion-clearfix\"><\/div><\/div><\/div><div class=\"fusion-layout-column fusion_builder_column fusion-builder-column-9 fusion_builder_column_1_6 1_6 fusion-one-sixth fusion-column-first\" style=\"--awb-bg-size:cover;width:16.666666666667%;width:calc(16.666666666667% - ( ( 4% + 4% ) * 0.16666666666667 ) );margin-right: 4%;\"><div class=\"fusion-column-wrapper fusion-column-has-shadow fusion-flex-column-wrapper-legacy\"><div class=\"fusion-clearfix\"><\/div><\/div><\/div><div class=\"fusion-layout-column fusion_builder_column fusion-builder-column-10 fusion_builder_column_2_3 2_3 fusion-two-third\" style=\"--awb-bg-size:cover;width:66.666666666667%;width:calc(66.666666666667% - ( ( 4% + 4% ) * 0.66666666666667 ) );margin-right: 4%;\"><div class=\"fusion-column-wrapper fusion-column-has-shadow fusion-flex-column-wrapper-legacy\"><div class=\"fusion-text fusion-text-2\"><div class=\"O0\">\n<p style=\"text-align: center;\">Comencem amb una cosa que ja sabem:<\/p>\n<\/div>\n<\/div><div class=\"fusion-sep-clear\"><\/div><div class=\"fusion-separator fusion-full-width-sep\" style=\"margin-left: auto;margin-right: auto;margin-bottom:30px;width:100%;\"><\/div><div class=\"fusion-sep-clear\"><\/div><div class=\"fusion-text fusion-text-3\"><p style=\"text-align: center; padding-left: 0px; line-height: 42px; font-size: 35px;\"><span style=\"color: #c9c9c9; text-align: center;\">&#8220;El que dius i el que els nens poden escoltar s\u00f3n dues coses completament diferents. <\/span><\/p>\n<p style=\"text-align: center; padding-left: 0px; line-height: 42px; font-size: 35px;\"><span style=\"color: #c9c9c9; text-align: center;\">Per als m\u00e9s petits, l&#8217;elecci\u00f3 equivocada de paraules pot tenir efectes dram\u00e0ticament negatius&#8221;<\/span><\/p>\n<\/div><div class=\"fusion-sep-clear\"><\/div><div class=\"fusion-separator fusion-full-width-sep\" style=\"margin-left: auto;margin-right: auto;margin-bottom:40px;width:100%;\"><\/div><div class=\"fusion-sep-clear\"><\/div><div class=\"fusion-text fusion-text-4\"><div class=\"O0\">\n<p><strong>1. No et focalitzis en lo negatiu<\/strong><\/p>\n<p>Per qu\u00e8 dir \u201cla medicina que necessites prendre t\u00e9 molt mal gust\u201d? \u00c9s normal que el nen no vulgui provar-la\u2026 Per qu\u00e8 no dir en canvi: \u201c\u00c9s una medicina que \u00e9s molt important que prenguis, mai l&#8217;has provat abans\u2026 Explica&#8217;m despr\u00e9s quin gust tenia!\u201d<\/p>\n<\/div>\n<p>M\u00e9s exemples \u00fatils:<\/p>\n<\/div><div class=\"fusion-clearfix\"><\/div><\/div><\/div><div class=\"fusion-layout-column fusion_builder_column fusion-builder-column-11 fusion_builder_column_1_6 1_6 fusion-one-sixth fusion-column-last\" style=\"--awb-bg-size:cover;width:16.666666666667%;width:calc(16.666666666667% - ( ( 4% + 4% ) * 0.16666666666667 ) );\"><div class=\"fusion-column-wrapper fusion-column-has-shadow fusion-flex-column-wrapper-legacy\"><div class=\"fusion-clearfix\"><\/div><\/div><\/div><div class=\"fusion-layout-column fusion_builder_column fusion-builder-column-12 fusion_builder_column_1_6 1_6 fusion-one-sixth fusion-column-first\" style=\"--awb-bg-size:cover;width:16.666666666667%;width:calc(16.666666666667% - ( ( 4% + 4% ) * 0.16666666666667 ) );margin-right: 4%;\"><div class=\"fusion-column-wrapper fusion-column-has-shadow fusion-flex-column-wrapper-legacy\"><div class=\"fusion-clearfix\"><\/div><\/div><\/div><div class=\"fusion-layout-column fusion_builder_column fusion-builder-column-13 fusion_builder_column_2_3 2_3 fusion-two-third\" style=\"--awb-bg-size:cover;--awb-margin-top:-20px;width:66.666666666667%;width:calc(66.666666666667% - ( ( 4% + 4% ) * 0.66666666666667 ) );margin-right: 4%;\"><div class=\"fusion-column-wrapper fusion-column-has-shadow fusion-flex-column-wrapper-legacy\"><div class=\"fusion-image-element in-legacy-container\" style=\"--awb-caption-title-font-family:var(--h2_typography-font-family);--awb-caption-title-font-weight:var(--h2_typography-font-weight);--awb-caption-title-font-style:var(--h2_typography-font-style);--awb-caption-title-size:var(--h2_typography-font-size);--awb-caption-title-transform:var(--h2_typography-text-transform);--awb-caption-title-line-height:var(--h2_typography-line-height);--awb-caption-title-letter-spacing:var(--h2_typography-letter-spacing);\"><span class=\" fusion-imageframe imageframe-none imageframe-2 hover-type-none\"><img decoding=\"async\" width=\"1944\" height=\"1074\" title=\"taula_1\" src=\"https:\/\/nixiforchildren.com\/wp-content\/uploads\/2020\/04\/taula_1.png\" alt class=\"img-responsive wp-image-3966\" srcset=\"https:\/\/nixiforchildren.com\/wp-content\/uploads\/2020\/04\/taula_1-200x110.png 200w, https:\/\/nixiforchildren.com\/wp-content\/uploads\/2020\/04\/taula_1-400x221.png 400w, https:\/\/nixiforchildren.com\/wp-content\/uploads\/2020\/04\/taula_1-600x331.png 600w, https:\/\/nixiforchildren.com\/wp-content\/uploads\/2020\/04\/taula_1-800x442.png 800w, https:\/\/nixiforchildren.com\/wp-content\/uploads\/2020\/04\/taula_1-1200x663.png 1200w, https:\/\/nixiforchildren.com\/wp-content\/uploads\/2020\/04\/taula_1.png 1944w\" sizes=\"(max-width: 1000px) 100vw, 1944px\" \/><\/span><\/div><div class=\"fusion-clearfix\"><\/div><\/div><\/div><div class=\"fusion-layout-column fusion_builder_column fusion-builder-column-14 fusion_builder_column_1_6 1_6 fusion-one-sixth fusion-column-last\" style=\"--awb-bg-size:cover;width:16.666666666667%;width:calc(16.666666666667% - ( ( 4% + 4% ) * 0.16666666666667 ) );\"><div class=\"fusion-column-wrapper fusion-column-has-shadow fusion-flex-column-wrapper-legacy\"><div class=\"fusion-clearfix\"><\/div><\/div><\/div><div class=\"fusion-layout-column fusion_builder_column fusion-builder-column-15 fusion_builder_column_1_6 1_6 fusion-one-sixth fusion-column-first\" style=\"--awb-bg-size:cover;width:16.666666666667%;width:calc(16.666666666667% - ( ( 4% + 4% ) * 0.16666666666667 ) );margin-right: 4%;\"><div class=\"fusion-column-wrapper fusion-column-has-shadow fusion-flex-column-wrapper-legacy\"><div class=\"fusion-clearfix\"><\/div><\/div><\/div><div class=\"fusion-layout-column fusion_builder_column fusion-builder-column-16 fusion_builder_column_2_3 2_3 fusion-two-third\" style=\"--awb-bg-size:cover;width:66.666666666667%;width:calc(66.666666666667% - ( ( 4% + 4% ) * 0.66666666666667 ) );margin-right: 4%;\"><div class=\"fusion-column-wrapper fusion-column-has-shadow fusion-flex-column-wrapper-legacy\"><div class=\"fusion-sep-clear\"><\/div><div class=\"fusion-separator fusion-full-width-sep\" style=\"margin-left: auto;margin-right: auto;margin-bottom:55px;width:100%;\"><\/div><div class=\"fusion-sep-clear\"><\/div><div class=\"fusion-text fusion-text-5\"><div class=\"O0\">\n<div class=\"O0\">\n<div class=\"O0\">\n<div class=\"O0\">\n<div class=\"O0\">\n<div class=\"O0\">\n<div class=\"O0\">\n<div><strong>2. Anest\u00e8sia o \u201cDormir Especial Genial\u201d<\/strong><br \/>\nPer a parlar de l&#8217;anest\u00e8sia us convido a dir el seg\u00fcent:<\/div>\n<\/div>\n<\/div>\n<\/div>\n<\/div>\n<\/div>\n<\/div>\n<\/div>\n<\/div><div class=\"fusion-sep-clear\"><\/div><div class=\"fusion-separator fusion-full-width-sep\" style=\"margin-left: auto;margin-right: auto;margin-bottom:25px;width:100%;\"><\/div><div class=\"fusion-sep-clear\"><\/div><div class=\"fusion-text fusion-text-6\"><p style=\"font-size: 15px; margin-top: 10px; line-height: 20px; margin-left: 55px; margin-right: 60px; text-align: left;\"><span style=\"color: #1b73a5;\">\u201cEt posaran una medicina que es diu anest\u00e8sia que serveix per a \u201cdormir especial genial\u201d. Per qu\u00e8 especial? Perqu\u00e8 ni tan sols has d&#8217;estar cansat per a adormir-te\u2026 no \u00e9s el mateix que dormir que a casa. I per qu\u00e8 genial? Perqu\u00e8 durant aquest somni genial, no notes res de l&#8217;operaci\u00f3!\u201d<\/span><\/p>\n<\/div><div class=\"fusion-sep-clear\"><\/div><div class=\"fusion-separator fusion-full-width-sep\" style=\"margin-left: auto;margin-right: auto;margin-bottom:25px;width:100%;\"><\/div><div class=\"fusion-sep-clear\"><\/div><div class=\"fusion-text fusion-text-7\"><div class=\"O0\">\n<div class=\"O0\">\n<div class=\"O0\">\n<div class=\"O0\">\n<div class=\"O0\">\n<div class=\"O0\">\n<div class=\"O0\">\n<div><strong>3. Tingues en compte el pensament l\u00f2gic dels ni\u00f1@s<\/strong><br \/>\nConsell: Quan els m\u00e9s petits no entenen realment el significat de l&#8217;operaci\u00f3, recomano no parlar de \u201cdormir\u201d, perqu\u00e8 els nens de 2-4 anys sovint no volen anar a dormir a la nit, o fer una migdiada\u2026 i molt menys volen dormir a l&#8217;hospital. Millor concentreu-vos en \u201c<a href=\"http:\/\/www.nixiforchildren.com\/verena3\">la seva feina<\/a>\u201d \u2013 si l&#8217;anest\u00e8sia li posar\u00e0n amb una mascareta \u2013 la seva feina ser\u00e0 respirar en una mascareta (Podeu ensenyar-li una foto o idealment, veure l&#8217;experi\u00e8ncia de RV).<\/div>\n<\/div>\n<\/div>\n<\/div>\n<\/div>\n<\/div>\n<\/div>\n<\/div>\n<\/div><div class=\"fusion-sep-clear\"><\/div><div class=\"fusion-separator fusion-full-width-sep\" style=\"margin-left: auto;margin-right: auto;margin-bottom:20px;width:100%;\"><\/div><div class=\"fusion-sep-clear\"><\/div><div class=\"fusion-text fusion-text-8\"><div class=\"O0\">\n<div class=\"O0\">\n<div class=\"O0\">\n<div class=\"O0\">\n<div class=\"O0\">\n<div class=\"O0\">\n<div class=\"O0\">\n<div>Recordo haver-li dit una vegada a la meva filla de 2 \u00bd, que mai ha tingut problemes per a prendre medicaments amb una xeringa: \u201cAqu\u00ed tinc la medicina perqu\u00e8 no et faci m\u00e9s mal l&#8217;o\u00efda\u201d. Llavors ella es va negar, i jo estava totalment sorpresa. Vaig veure que s&#8217;estava cobrint les orelles amb les mans, per a protegir-les. <strong>La forma en que vaig dir \u201caqu\u00ed tinc la medicina perqu\u00e8 no et faci m\u00e9s mal l&#8217;o\u00efda\u201d li va fer pensar que anava a posar-li la xeringa dins de l&#8217;orella\u2026<\/strong> <img decoding=\"async\" class=\"emoji\" role=\"img\" draggable=\"false\" src=\"https:\/\/s.w.org\/images\/core\/emoji\/12.0.0-1\/svg\/1f609.svg\" alt=\"\ud83d\ude09\" \/><\/div>\n<div><\/div>\n<\/div>\n<\/div>\n<\/div>\n<\/div>\n<\/div>\n<\/div>\n<\/div>\n<\/div><div class=\"fusion-sep-clear\"><\/div><div class=\"fusion-separator fusion-full-width-sep\" style=\"margin-left: auto;margin-right: auto;margin-bottom:70px;width:100%;\"><\/div><div class=\"fusion-sep-clear\"><\/div><div class=\"fusion-clearfix\"><\/div><\/div><\/div><div class=\"fusion-layout-column fusion_builder_column fusion-builder-column-17 fusion_builder_column_1_6 1_6 fusion-one-sixth fusion-column-last\" style=\"--awb-bg-size:cover;width:16.666666666667%;width:calc(16.666666666667% - ( ( 4% + 4% ) * 0.16666666666667 ) );\"><div class=\"fusion-column-wrapper fusion-column-has-shadow fusion-flex-column-wrapper-legacy\"><div class=\"fusion-clearfix\"><\/div><\/div><\/div><\/div><\/div><div class=\"fusion-fullwidth fullwidth-box fusion-builder-row-3 nonhundred-percent-fullwidth non-hundred-percent-height-scrolling\" style=\"--awb-border-radius-top-left:0px;--awb-border-radius-top-right:0px;--awb-border-radius-bottom-right:0px;--awb-border-radius-bottom-left:0px;--awb-margin-top:100px;--awb-margin-bottom:50px;--awb-flex-wrap:wrap;\" ><div class=\"fusion-builder-row fusion-row\"><div class=\"fusion-layout-column fusion_builder_column fusion-builder-column-18 fusion_builder_column_1_6 1_6 fusion-one-sixth fusion-column-first\" style=\"--awb-bg-size:cover;width:16.666666666667%;width:calc(16.666666666667% - ( ( 4% + 4% + 4% ) * 0.16666666666667 ) );margin-right: 4%;\"><div class=\"fusion-column-wrapper fusion-column-has-shadow fusion-flex-column-wrapper-legacy\"><div class=\"fusion-clearfix\"><\/div><\/div><\/div><div class=\"fusion-layout-column fusion_builder_column fusion-builder-column-19 fusion_builder_column_1_6 1_6 fusion-one-sixth\" style=\"--awb-bg-size:cover;--awb-margin-top:-47px;width:16.666666666667%;width:calc(16.666666666667% - ( ( 4% + 4% + 4% ) * 0.16666666666667 ) );margin-right: 4%;\"><div class=\"fusion-column-wrapper fusion-column-has-shadow fusion-flex-column-wrapper-legacy\"><div class=\"fusion-image-element in-legacy-container\" style=\"--awb-caption-title-font-family:var(--h2_typography-font-family);--awb-caption-title-font-weight:var(--h2_typography-font-weight);--awb-caption-title-font-style:var(--h2_typography-font-style);--awb-caption-title-size:var(--h2_typography-font-size);--awb-caption-title-transform:var(--h2_typography-text-transform);--awb-caption-title-line-height:var(--h2_typography-line-height);--awb-caption-title-letter-spacing:var(--h2_typography-letter-spacing);\"><span class=\" fusion-imageframe imageframe-none imageframe-3 hover-type-none\"><img decoding=\"async\" width=\"394\" height=\"394\" title=\"VERENA_PROFILE_1.2\" src=\"https:\/\/nixiforchildren.com\/wp-content\/uploads\/2020\/04\/VERENA_PROFILE_1.2.jpg\" alt class=\"img-responsive wp-image-3669\" srcset=\"https:\/\/nixiforchildren.com\/wp-content\/uploads\/2020\/04\/VERENA_PROFILE_1.2-200x200.jpg 200w, https:\/\/nixiforchildren.com\/wp-content\/uploads\/2020\/04\/VERENA_PROFILE_1.2.jpg 394w\" sizes=\"(max-width: 1000px) 100vw, 394px\" \/><\/span><\/div><div class=\"fusion-clearfix\"><\/div><\/div><\/div><div class=\"fusion-layout-column fusion_builder_column fusion-builder-column-20 fusion_builder_column_1_2 1_2 fusion-one-half\" style=\"--awb-padding-right:-40px;--awb-bg-size:cover;--awb-margin-top:-50px;width:50%;width:calc(50% - ( ( 4% + 4% + 4% ) * 0.5 ) );margin-right: 4%;\"><div class=\"fusion-column-wrapper fusion-column-has-shadow fusion-flex-column-wrapper-legacy\"><div class=\"fusion-title title fusion-title-2 fusion-sep-none fusion-title-text fusion-title-size-one\" style=\"--awb-margin-bottom:17px;\"><h1 class=\"fusion-title-heading title-heading-left fusion-responsive-typography-calculated\" style=\"margin:0;--fontSize:80;line-height:1;\"><p style=\"color: #ffffff; line-height: 20px; text-align: left;\"><span style=\"color: #333333; font-size: 25px; line-height: 32px; font-weight: 400;\">Verena del Valle<\/span><\/p><\/h1><\/div><div class=\"fusion-text fusion-text-9\"><p style=\"font-size: 15px; margin-top: -20px; line-height: 32px; text-align: left;\">Psic\u00f3loga certificada Child Life<\/p>\n<\/div><div class=\"fusion-text fusion-text-10\"><p style=\"font-size: 15px; margin-top: -8px; line-height: 20px; text-align: left;\">Mom but also certified Child Life specialist. Verena is a trained professional with expertise in helping children and their families overcome life\u2019s most challenging events, particularly those related to healthcare and hospitalization.<\/p>\n<\/div><div class=\"fusion-clearfix\"><\/div><\/div><\/div><div class=\"fusion-layout-column fusion_builder_column fusion-builder-column-21 fusion_builder_column_1_6 1_6 fusion-one-sixth fusion-column-last\" style=\"--awb-bg-size:cover;width:16.666666666667%;width:calc(16.666666666667% - ( ( 4% + 4% + 4% ) * 0.16666666666667 ) );\"><div class=\"fusion-column-wrapper fusion-column-has-shadow fusion-flex-column-wrapper-legacy\"><div class=\"fusion-clearfix\"><\/div><\/div><\/div><\/div><\/div><\/p>\n","protected":false},"excerpt":{"rendered":"","protected":false},"author":1,"featured_media":0,"parent":0,"menu_order":0,"comment_status":"closed","ping_status":"open","template":"100-width.php","meta":{"footnotes":""},"class_list":["post-3888","page","type-page","status-publish","hentry"],"_links":{"self":[{"href":"https:\/\/nixiforchildren.com\/ca\/wp-json\/wp\/v2\/pages\/3888","targetHints":{"allow":["GET"]}}],"collection":[{"href":"https:\/\/nixiforchildren.com\/ca\/wp-json\/wp\/v2\/pages"}],"about":[{"href":"https:\/\/nixiforchildren.com\/ca\/wp-json\/wp\/v2\/types\/page"}],"author":[{"embeddable":true,"href":"https:\/\/nixiforchildren.com\/ca\/wp-json\/wp\/v2\/users\/1"}],"replies":[{"embeddable":true,"href":"https:\/\/nixiforchildren.com\/ca\/wp-json\/wp\/v2\/comments?post=3888"}],"version-history":[{"count":68,"href":"https:\/\/nixiforchildren.com\/ca\/wp-json\/wp\/v2\/pages\/3888\/revisions"}],"predecessor-version":[{"id":3922,"href":"https:\/\/nixiforchildren.com\/ca\/wp-json\/wp\/v2\/pages\/3888\/revisions\/3922"}],"wp:attachment":[{"href":"https:\/\/nixiforchildren.com\/ca\/wp-json\/wp\/v2\/media?parent=3888"}],"curies":[{"name":"wp","href":"https:\/\/api.w.org\/{rel}","templated":true}]}}